{"id":2796,"date":"2026-03-18T13:09:03","date_gmt":"2026-03-18T13:09:03","guid":{"rendered":"https:\/\/montessoridelmundo.org\/?page_id=2796"},"modified":"2026-03-18T13:15:24","modified_gmt":"2026-03-18T13:15:24","slug":"intent-to-enroll-confirmation","status":"publish","type":"page","link":"https:\/\/montessoridelmundo.org\/es\/intent-to-enroll-confirmation\/","title":{"rendered":"Form Confirmation"},"content":{"rendered":"<div data-elementor-type=\"wp-page\" data-elementor-id=\"2796\" class=\"elementor elementor-2796\">\n\t\t\t\t<div class=\"elementor-element elementor-element-56913e8 e-flex e-con-boxed e-con e-parent\" data-id=\"56913e8\" data-element_type=\"container\" data-e-type=\"container\">\n\t\t\t\t\t<div class=\"e-con-inner\">\n\t\t\t\t<div class=\"elementor-element elementor-element-7938092 elementor-widget elementor-widget-spacer\" data-id=\"7938092\" data-element_type=\"widget\" data-e-type=\"widget\" data-widget_type=\"spacer.default\">\n\t\t\t\t<div class=\"elementor-widget-container\">\n\t\t\t\t\t\t\t<div class=\"elementor-spacer\">\n\t\t\t<div class=\"elementor-spacer-inner\"><\/div>\n\t\t<\/div>\n\t\t\t\t\t\t<\/div>\n\t\t\t\t<\/div>\n\t\t\t\t\t<\/div>\n\t\t\t\t<\/div>\n\t\t<div class=\"elementor-element elementor-element-e90f62c e-flex e-con-boxed e-con e-parent\" data-id=\"e90f62c\" data-element_type=\"container\" data-e-type=\"container\">\n\t\t\t\t\t<div class=\"e-con-inner\">\n\t\t<div class=\"elementor-element elementor-element-b29abee e-con-full e-flex elementor-invisible e-con e-child\" data-id=\"b29abee\" data-element_type=\"container\" data-e-type=\"container\" data-settings=\"{&quot;animation_mobile&quot;:&quot;slideInLeft&quot;,&quot;animation&quot;:&quot;slideInLeft&quot;}\">\n\t\t\t\t<div class=\"elementor-element elementor-element-f095111 elementor-widget elementor-widget-heading\" data-id=\"f095111\" data-element_type=\"widget\" data-e-type=\"widget\" data-widget_type=\"heading.default\">\n\t\t\t\t<div class=\"elementor-widget-container\">\n\t\t\t\t\t<h2 class=\"elementor-heading-title elementor-size-default\">Su aplicaci\u00f3n <span style=\"color:#74A84A\">ha sido recibida<\/span> <\/h2>\t\t\t\t<\/div>\n\t\t\t\t<\/div>\n\t\t\t\t<div class=\"elementor-element elementor-element-5990b83 elementor-widget elementor-widget-text-editor\" data-id=\"5990b83\" data-element_type=\"widget\" data-e-type=\"widget\" data-widget_type=\"text-editor.default\">\n\t\t\t\t<div class=\"elementor-widget-container\">\n\t\t\t\t\t\t\t\t\t<p>Gracias por su solicitud de Intenci\u00f3n de Inscripci\u00f3n para Montessori del Mundo.<\/p><p>\u00a0<\/p>\t\t\t\t\t\t\t\t<\/div>\n\t\t\t\t<\/div>\n\t\t\t\t<\/div>\n\t\t<div class=\"elementor-element elementor-element-0c682a2 e-con-full e-flex elementor-invisible e-con e-child\" data-id=\"0c682a2\" data-element_type=\"container\" data-e-type=\"container\" data-settings=\"{&quot;animation_mobile&quot;:&quot;slideInRight&quot;,&quot;animation&quot;:&quot;slideInRight&quot;}\">\n\t\t\t\t<div class=\"elementor-element elementor-element-c6b9cc5 elementor-view-default elementor-widget elementor-widget-icon\" data-id=\"c6b9cc5\" data-element_type=\"widget\" data-e-type=\"widget\" data-widget_type=\"icon.default\">\n\t\t\t\t<div class=\"elementor-widget-container\">\n\t\t\t\t\t\t\t<div class=\"elementor-icon-wrapper\">\n\t\t\t<div class=\"elementor-icon\">\n\t\t\t<i aria-hidden=\"true\" class=\"fas fa-check\"><\/i>\t\t\t<\/div>\n\t\t<\/div>\n\t\t\t\t\t\t<\/div>\n\t\t\t\t<\/div>\n\t\t\t\t<\/div>\n\t\t\t\t\t<\/div>\n\t\t\t\t<\/div>\n\t\t<div class=\"elementor-element elementor-element-1c7848e e-flex e-con-boxed elementor-invisible e-con e-parent\" data-id=\"1c7848e\" data-element_type=\"container\" data-e-type=\"container\" data-settings=\"{&quot;animation&quot;:&quot;slideInUp&quot;}\">\n\t\t\t\t\t<div class=\"e-con-inner\">\n\t\t\t\t<div class=\"elementor-element elementor-element-2772cde elementor-widget elementor-widget-text-editor\" data-id=\"2772cde\" data-element_type=\"widget\" data-e-type=\"widget\" data-widget_type=\"text-editor.default\">\n\t\t\t\t<div class=\"elementor-widget-container\">\n\t\t\t\t\t\t\t\t\t<h2>Plazos de solicitud importantes:<\/h2><ul><li>Se aceptan solicitudes de elecci\u00f3n de primera ronda: del 3 de enero de 2024 al 9 de febrero de 2024, de 8:30 a. m. a 4:00 p. m.<\/li><li>Sorteo de la primera ronda: 15 de febrero de 2024, a las 10:00 a. m.<\/li><li>Notificaci\u00f3n de aceptaci\u00f3n por correo electr\u00f3nico a m\u00e1s tardar el 3 de marzo de 2024.<\/li><li>Confirmaci\u00f3n de inscripci\u00f3n por parte de los padres: debe realizarse dentro de las 48 horas posteriores a la notificaci\u00f3n de aceptaci\u00f3n (si no se confirma la aceptaci\u00f3n, su lugar se otorgar\u00e1 a otro estudiante).<\/li><li>La notificaci\u00f3n de colocaci\u00f3n en la lista de espera se enviar\u00e1 por correo electr\u00f3nico despu\u00e9s de que se lleve a cabo el sorteo (15 de febrero de 2024) y a m\u00e1s tardar el 3 de marzo de 2024.<\/li><li>Despu\u00e9s del sorteo, los estudiantes ser\u00e1n aceptados de la lista de espera de manera continua, conforme haya lugares disponibles, hasta el 30 de septiembre de 2024.<\/li><li>Los padres tendr\u00e1n 48 horas despu\u00e9s de la notificaci\u00f3n de aceptaci\u00f3n para confirmar la inscripci\u00f3n de su estudiante.<br \/><br \/><\/li><\/ul>\t\t\t\t\t\t\t\t<\/div>\n\t\t\t\t<\/div>\n\t\t\t\t<div class=\"elementor-element elementor-element-a22c18a elementor-widget elementor-widget-spacer\" data-id=\"a22c18a\" data-element_type=\"widget\" data-e-type=\"widget\" data-widget_type=\"spacer.default\">\n\t\t\t\t<div class=\"elementor-widget-container\">\n\t\t\t\t\t\t\t<div class=\"elementor-spacer\">\n\t\t\t<div class=\"elementor-spacer-inner\"><\/div>\n\t\t<\/div>\n\t\t\t\t\t\t<\/div>\n\t\t\t\t<\/div>\n\t\t\t\t\t<\/div>\n\t\t\t\t<\/div>\n\t\t<div class=\"elementor-element elementor-element-6b9d2e6 e-flex e-con-boxed e-con e-parent\" data-id=\"6b9d2e6\" data-element_type=\"container\" data-e-type=\"container\" id=\"image-parallax-fix\">\n\t\t\t\t\t<div class=\"e-con-inner\">\n\t\t\t\t<div class=\"elementor-element elementor-element-3d3637b elementor-widget elementor-widget-spacer\" data-id=\"3d3637b\" data-element_type=\"widget\" data-e-type=\"widget\" data-widget_type=\"spacer.default\">\n\t\t\t\t<div class=\"elementor-widget-container\">\n\t\t\t\t\t\t\t<div class=\"elementor-spacer\">\n\t\t\t<div class=\"elementor-spacer-inner\"><\/div>\n\t\t<\/div>\n\t\t\t\t\t\t<\/div>\n\t\t\t\t<\/div>\n\t\t\t\t\t<\/div>\n\t\t\t\t<\/div>\n\t\t\t\t<\/div>","protected":false},"excerpt":{"rendered":"<p>Your Application Has Been Received Thank you for your Intent to Enroll application for Montessori del Mundo. \u00a0 Important application deadlines: 1st round choice applications accepted: January 3, 2024 \u2013 February 9, 2024; 8:30 am \u2013 4:00 pm 1st round lottery: February 15, 2024; 10:00 am Notice of Acceptance via email no later than March [&hellip;]<\/p>\n","protected":false},"author":1,"featured_media":0,"parent":0,"menu_order":0,"comment_status":"closed","ping_status":"closed","template":"","meta":{"_eb_attr":"","site-sidebar-layout":"no-sidebar","site-content-layout":"page-builder","ast-site-content-layout":"full-width-container","site-content-style":"unboxed","site-sidebar-style":"unboxed","ast-global-header-display":"","ast-banner-title-visibility":"","ast-main-header-display":"","ast-hfb-above-header-display":"","ast-hfb-below-header-display":"","ast-hfb-mobile-header-display":"","site-post-title":"disabled","ast-breadcrumbs-content":"","ast-featured-img":"disabled","footer-sml-layout":"","ast-disable-related-posts":"","theme-transparent-header-meta":"enabled","adv-header-id-meta":"","stick-header-meta":"","header-above-stick-meta":"","header-main-stick-meta":"","header-below-stick-meta":"","astra-migrate-meta-layouts":"set","ast-page-background-enabled":"default","ast-page-background-meta":{"desktop":{"background-color":"var(--ast-global-color-4)","background-image":"","background-repeat":"repeat","background-position":"center center","background-size":"auto","background-attachment":"scroll","background-type":"","background-media":"","overlay-type":"","overlay-color":"","overlay-opacity":"","overlay-gradient":""},"tablet":{"background-color":"","background-image":"","background-repeat":"repeat","background-position":"center center","background-size":"auto","background-attachment":"scroll","background-type":"","background-media":"","overlay-type":"","overlay-color":"","overlay-opacity":"","overlay-gradient":""},"mobile":{"background-color":"","background-image":"","background-repeat":"repeat","background-position":"center center","background-size":"auto","background-attachment":"scroll","background-type":"","background-media":"","overlay-type":"","overlay-color":"","overlay-opacity":"","overlay-gradient":""}},"ast-content-background-meta":{"desktop":{"background-color":"var(--ast-global-color-5)","background-image":"","background-repeat":"repeat","background-position":"center center","background-size":"auto","background-attachment":"scroll","background-type":"","background-media":"","overlay-type":"","overlay-color":"","overlay-opacity":"","overlay-gradient":""},"tablet":{"background-color":"var(--ast-global-color-5)","background-image":"","background-repeat":"repeat","background-position":"center center","background-size":"auto","background-attachment":"scroll","background-type":"","background-media":"","overlay-type":"","overlay-color":"","overlay-opacity":"","overlay-gradient":""},"mobile":{"background-color":"var(--ast-global-color-5)","background-image":"","background-repeat":"repeat","background-position":"center center","background-size":"auto","background-attachment":"scroll","background-type":"","background-media":"","overlay-type":"","overlay-color":"","overlay-opacity":"","overlay-gradient":""}},"_cloudinary_featured_overwrite":false,"footnotes":""},"class_list":["post-2796","page","type-page","status-publish","hentry"],"_links":{"self":[{"href":"https:\/\/montessoridelmundo.org\/es\/wp-json\/wp\/v2\/pages\/2796","targetHints":{"allow":["GET"]}}],"collection":[{"href":"https:\/\/montessoridelmundo.org\/es\/wp-json\/wp\/v2\/pages"}],"about":[{"href":"https:\/\/montessoridelmundo.org\/es\/wp-json\/wp\/v2\/types\/page"}],"author":[{"embeddable":true,"href":"https:\/\/montessoridelmundo.org\/es\/wp-json\/wp\/v2\/users\/1"}],"replies":[{"embeddable":true,"href":"https:\/\/montessoridelmundo.org\/es\/wp-json\/wp\/v2\/comments?post=2796"}],"version-history":[{"count":7,"href":"https:\/\/montessoridelmundo.org\/es\/wp-json\/wp\/v2\/pages\/2796\/revisions"}],"predecessor-version":[{"id":2803,"href":"https:\/\/montessoridelmundo.org\/es\/wp-json\/wp\/v2\/pages\/2796\/revisions\/2803"}],"wp:attachment":[{"href":"https:\/\/montessoridelmundo.org\/es\/wp-json\/wp\/v2\/media?parent=2796"}],"curies":[{"name":"wp","href":"https:\/\/api.w.org\/{rel}","templated":true}]}}