{"id":2675,"date":"2026-03-10T20:41:43","date_gmt":"2026-03-10T20:41:43","guid":{"rendered":"https:\/\/montessoridelmundo.org\/?page_id=2675"},"modified":"2026-03-14T15:27:36","modified_gmt":"2026-03-14T15:27:36","slug":"blog","status":"publish","type":"page","link":"https:\/\/montessoridelmundo.org\/es\/blog\/","title":{"rendered":"Blog"},"content":{"rendered":"<div data-elementor-type=\"wp-page\" data-elementor-id=\"2675\" class=\"elementor elementor-2675\">\n\t\t\t\t<div class=\"elementor-element elementor-element-115ce4f e-flex e-con-boxed e-con e-parent\" data-id=\"115ce4f\" data-element_type=\"container\" data-e-type=\"container\">\n\t\t\t\t\t<div class=\"e-con-inner\">\n\t\t\t\t<div class=\"elementor-element elementor-element-1c816f9 elementor-widget elementor-widget-heading\" data-id=\"1c816f9\" data-element_type=\"widget\" data-e-type=\"widget\" data-widget_type=\"heading.default\">\n\t\t\t\t<div class=\"elementor-widget-container\">\n\t\t\t\t\t<h2 class=\"elementor-heading-title elementor-size-default\">Nuestra <span style=\"color:#74A84A\">Blog<\/span><\/h2>\t\t\t\t<\/div>\n\t\t\t\t<\/div>\n\t\t\t\t\t<\/div>\n\t\t\t\t<\/div>\n\t\t<div class=\"elementor-element elementor-element-87b9b5f e-flex e-con-boxed e-con e-parent\" data-id=\"87b9b5f\" data-element_type=\"container\" data-e-type=\"container\">\n\t\t\t\t\t<div class=\"e-con-inner\">\n\t\t\t\t<div class=\"elementor-element elementor-element-5a9b25d elementor-grid-eael-col-3 elementor-grid-tablet-eael-col-2 elementor-grid-mobile-eael-col-1 elementor-widget elementor-widget-eael-post-grid\" data-id=\"5a9b25d\" data-element_type=\"widget\" data-e-type=\"widget\" data-settings=\"{&quot;eael_post_grid_columns&quot;:&quot;eael-col-3&quot;,&quot;eael_post_grid_columns_tablet&quot;:&quot;eael-col-2&quot;,&quot;eael_post_grid_columns_mobile&quot;:&quot;eael-col-1&quot;}\" data-widget_type=\"eael-post-grid.default\">\n\t\t\t\t<div class=\"elementor-widget-container\">\n\t\t\t\t\t<div id=\"eael-post-grid-5a9b25d\" class=\"eael-post-grid-container\">\n            <div class=\"eael-post-grid eael-post-appender eael-post-appender-5a9b25d eael-post-grid-style-one\" data-layout-mode=\"masonry\"><article class=\"eael-grid-post  eael-post-grid-column eael-pg-post-2659 category-uncategorized\" data-id=\"2659\">\n        <div class=\"eael-grid-post-holder\">\n            <div class=\"eael-grid-post-holder-inner\"><div class=\"eael-entry-media\"><div class=\"eael-entry-overlay fade-in\"><i class=\"fas fa-long-arrow-alt-right\" aria-hidden=\"true\"><\/i><a href=\"https:\/\/montessoridelmundo.org\/es\/our-first-soccer-season-more-than-a-game\/\"><\/a><\/div><div class=\"eael-entry-thumbnail\">\n                <img width=\"300\" height=\"225\" data-public-id=\"unnamed-8\/unnamed-8.jpg\" fetchpriority=\"high\" decoding=\"async\" src=\"https:\/\/res.cloudinary.com\/ddjtpecho\/images\/w_300,h_225,c_scale\/f_auto,q_auto\/v1773840218\/unnamed-8\/unnamed-8.jpg?_i=AA\" class=\"attachment-medium size-medium wp-post-2644 wp-image-2660\" alt=\"\" data-format=\"jpg\" data-transformations=\"f_auto,q_auto\" data-version=\"1773840218\" data-seo=\"1\" data-responsive=\"1\" srcset=\"https:\/\/res.cloudinary.com\/ddjtpecho\/images\/w_300,h_225,c_scale\/f_auto,q_auto\/v1773840218\/unnamed-8\/unnamed-8.jpg?_i=AA 1024w, https:\/\/res.cloudinary.com\/ddjtpecho\/images\/w_848,h_636,c_scale\/f_auto,q_auto\/v1773840218\/unnamed-8\/unnamed-8.jpg?_i=AA 848w, https:\/\/res.cloudinary.com\/ddjtpecho\/images\/w_648,h_486,c_scale\/f_auto,q_auto\/v1773840218\/unnamed-8\/unnamed-8.jpg?_i=AA 648w, https:\/\/res.cloudinary.com\/ddjtpecho\/images\/w_448,h_336,c_scale\/f_auto,q_auto\/v1773840218\/unnamed-8\/unnamed-8.jpg?_i=AA 448w, https:\/\/res.cloudinary.com\/ddjtpecho\/images\/w_248,h_186,c_scale\/f_auto,q_auto\/v1773840218\/unnamed-8\/unnamed-8.jpg?_i=AA 248w\" sizes=\"(max-width: 1024px) 100vw, 1024px\" \/>\n            <\/div>\n        <\/div><div class=\"eael-entry-wrapper\"><header class=\"eael-entry-header\"><h2 class=\"eael-entry-title\"><a class=\"eael-grid-post-link\" href=\"https:\/\/montessoridelmundo.org\/es\/our-first-soccer-season-more-than-a-game\/\" title=\"Nuestra primera temporada de f\u00fatbol: m\u00e1s que un juego\">Nuestra primera temporada de f\u00fatbol: m\u00e1s que un juego<\/a><\/h2><\/header><div class=\"eael-entry-content\">\n                        <div class=\"eael-grid-post-excerpt\"><p>La primera temporada del equipo de f\u00fatbol de MdM, el Cosmos, fue una...<\/p><a href=\"https:\/\/montessoridelmundo.org\/es\/our-first-soccer-season-more-than-a-game\/\" class=\"eael-post-elements-readmore-btn\">Leer m\u00e1s<\/a><\/div>\n                    <\/div><\/div><\/div>\n        <\/div>\n    <\/article><article class=\"eael-grid-post  eael-post-grid-column eael-pg-post-2656 category-uncategorized\" data-id=\"2656\">\n        <div class=\"eael-grid-post-holder\">\n            <div class=\"eael-grid-post-holder-inner\"><div class=\"eael-entry-media\"><div class=\"eael-entry-overlay fade-in\"><i class=\"fas fa-long-arrow-alt-right\" aria-hidden=\"true\"><\/i><a href=\"https:\/\/montessoridelmundo.org\/es\/why-our-hiring-approach-matters\/\"><\/a><\/div><div class=\"eael-entry-thumbnail\">\n                <img width=\"300\" height=\"147\" data-public-id=\"MdM-Staff-2025-26\/MdM-Staff-2025-26.png\" decoding=\"async\" src=\"https:\/\/res.cloudinary.com\/ddjtpecho\/images\/w_300,h_147,c_scale\/f_auto,q_auto\/v1773840222\/MdM-Staff-2025-26\/MdM-Staff-2025-26.png?_i=AA\" class=\"attachment-medium size-medium wp-post-2644 wp-image-2657\" alt=\"\" data-crop=\"2.04\" data-format=\"png\" data-transformations=\"f_auto,q_auto\" data-version=\"1773840222\" data-seo=\"1\" data-responsive=\"1\" srcset=\"https:\/\/res.cloudinary.com\/ddjtpecho\/images\/w_300,h_147,c_scale\/f_auto,q_auto\/v1773840222\/MdM-Staff-2025-26\/MdM-Staff-2025-26.png?_i=AA 921w, https:\/\/res.cloudinary.com\/ddjtpecho\/images\/w_848,h_414,c_scale\/f_auto,q_auto\/v1773840222\/MdM-Staff-2025-26\/MdM-Staff-2025-26.png?_i=AA 848w, https:\/\/res.cloudinary.com\/ddjtpecho\/images\/w_648,h_316,c_scale\/f_auto,q_auto\/v1773840222\/MdM-Staff-2025-26\/MdM-Staff-2025-26.png?_i=AA 648w, https:\/\/res.cloudinary.com\/ddjtpecho\/images\/w_448,h_218,c_scale\/f_auto,q_auto\/v1773840222\/MdM-Staff-2025-26\/MdM-Staff-2025-26.png?_i=AA 448w, https:\/\/res.cloudinary.com\/ddjtpecho\/images\/w_248,h_121,c_scale\/f_auto,q_auto\/v1773840222\/MdM-Staff-2025-26\/MdM-Staff-2025-26.png?_i=AA 248w\" sizes=\"(max-width: 921px) 100vw, 921px\" \/>\n            <\/div>\n        <\/div><div class=\"eael-entry-wrapper\"><header class=\"eael-entry-header\"><h2 class=\"eael-entry-title\"><a class=\"eael-grid-post-link\" href=\"https:\/\/montessoridelmundo.org\/es\/why-our-hiring-approach-matters\/\" title=\"Por qu\u00e9 es importante nuestro enfoque de contrataci\u00f3n\">Por qu\u00e9 es importante nuestro enfoque de contrataci\u00f3n<\/a><\/h2><\/header><div class=\"eael-entry-content\">\n                        <div class=\"eael-grid-post-excerpt\"><p>A medida que avanza el presente a\u00f1o escolar, ya estoy...<\/p><a href=\"https:\/\/montessoridelmundo.org\/es\/why-our-hiring-approach-matters\/\" class=\"eael-post-elements-readmore-btn\">Leer m\u00e1s<\/a><\/div>\n                    <\/div><\/div><\/div>\n        <\/div>\n    <\/article><article class=\"eael-grid-post  eael-post-grid-column eael-pg-post-2652 category-uncategorized\" data-id=\"2652\">\n        <div class=\"eael-grid-post-holder\">\n            <div class=\"eael-grid-post-holder-inner\"><div class=\"eael-entry-media\"><div class=\"eael-entry-overlay fade-in\"><i class=\"fas fa-long-arrow-alt-right\" aria-hidden=\"true\"><\/i><a href=\"https:\/\/montessoridelmundo.org\/es\/creativity-community-at-the-middle-school-winter-market\/\"><\/a><\/div><div class=\"eael-entry-thumbnail\">\n                <img width=\"300\" height=\"225\" data-public-id=\"unnamed-6\/unnamed-6.jpg\" decoding=\"async\" src=\"https:\/\/res.cloudinary.com\/ddjtpecho\/images\/w_300,h_225,c_scale\/f_auto,q_auto\/v1773840225\/unnamed-6\/unnamed-6.jpg?_i=AA\" class=\"attachment-medium size-medium wp-post-2644 wp-image-2654\" alt=\"\" data-format=\"jpg\" data-transformations=\"f_auto,q_auto\" data-version=\"1773840225\" data-seo=\"1\" data-responsive=\"1\" srcset=\"https:\/\/res.cloudinary.com\/ddjtpecho\/images\/w_300,h_225,c_scale\/f_auto,q_auto\/v1773840225\/unnamed-6\/unnamed-6.jpg?_i=AA 600w, https:\/\/res.cloudinary.com\/ddjtpecho\/images\/w_448,h_336,c_scale\/f_auto,q_auto\/v1773840225\/unnamed-6\/unnamed-6.jpg?_i=AA 448w, https:\/\/res.cloudinary.com\/ddjtpecho\/images\/w_248,h_186,c_scale\/f_auto,q_auto\/v1773840225\/unnamed-6\/unnamed-6.jpg?_i=AA 248w\" sizes=\"(max-width: 600px) 100vw, 600px\" \/>\n            <\/div>\n        <\/div><div class=\"eael-entry-wrapper\"><header class=\"eael-entry-header\"><h2 class=\"eael-entry-title\"><a class=\"eael-grid-post-link\" href=\"https:\/\/montessoridelmundo.org\/es\/creativity-community-at-the-middle-school-winter-market\/\" title=\"Creatividad y comunidad en el mercado de invierno de la escuela secundaria\">Creatividad y comunidad en el mercado de invierno de la escuela secundaria<\/a><\/h2><\/header><div class=\"eael-entry-content\">\n                        <div class=\"eael-grid-post-excerpt\"><p>El 18 de diciembre de 2025, durante el D\u00eda del Pijama, nuestra escuela secundaria...<\/p><a href=\"https:\/\/montessoridelmundo.org\/es\/creativity-community-at-the-middle-school-winter-market\/\" class=\"eael-post-elements-readmore-btn\">Leer m\u00e1s<\/a><\/div>\n                    <\/div><\/div><\/div>\n        <\/div>\n    <\/article><article class=\"eael-grid-post  eael-post-grid-column eael-pg-post-2649 category-uncategorized\" data-id=\"2649\">\n        <div class=\"eael-grid-post-holder\">\n            <div class=\"eael-grid-post-holder-inner\"><div class=\"eael-entry-media\"><div class=\"eael-entry-overlay fade-in\"><i class=\"fas fa-long-arrow-alt-right\" aria-hidden=\"true\"><\/i><a href=\"https:\/\/montessoridelmundo.org\/es\/enrollment-is-open\/\"><\/a><\/div><div class=\"eael-entry-thumbnail\">\n                <img width=\"300\" height=\"206\" data-public-id=\"gir-painting\/gir-painting.jpg\" loading=\"lazy\" decoding=\"async\" src=\"https:\/\/res.cloudinary.com\/ddjtpecho\/images\/w_300,h_206,c_scale\/f_auto,q_auto\/v1773840232\/gir-painting\/gir-painting.jpg?_i=AA\" class=\"attachment-medium size-medium wp-post-2644 wp-image-2453\" alt=\"\" data-format=\"jpg\" data-transformations=\"f_auto,q_auto\" data-version=\"1773840232\" data-seo=\"1\" data-responsive=\"1\" srcset=\"https:\/\/res.cloudinary.com\/ddjtpecho\/images\/w_300,h_206,c_scale\/f_auto,q_auto\/v1773840232\/gir-painting\/gir-painting.jpg?_i=AA 1920w, https:\/\/res.cloudinary.com\/ddjtpecho\/images\/w_1848,h_1268,c_scale\/f_auto,q_auto\/v1773840232\/gir-painting\/gir-painting.jpg?_i=AA 1848w, https:\/\/res.cloudinary.com\/ddjtpecho\/images\/w_1648,h_1131,c_scale\/f_auto,q_auto\/v1773840232\/gir-painting\/gir-painting.jpg?_i=AA 1648w, https:\/\/res.cloudinary.com\/ddjtpecho\/images\/w_1448,h_993,c_scale\/f_auto,q_auto\/v1773840232\/gir-painting\/gir-painting.jpg?_i=AA 1448w, https:\/\/res.cloudinary.com\/ddjtpecho\/images\/w_1248,h_856,c_scale\/f_auto,q_auto\/v1773840232\/gir-painting\/gir-painting.jpg?_i=AA 1248w, https:\/\/res.cloudinary.com\/ddjtpecho\/images\/w_1048,h_719,c_scale\/f_auto,q_auto\/v1773840232\/gir-painting\/gir-painting.jpg?_i=AA 1048w, https:\/\/res.cloudinary.com\/ddjtpecho\/images\/w_848,h_582,c_scale\/f_auto,q_auto\/v1773840232\/gir-painting\/gir-painting.jpg?_i=AA 848w, https:\/\/res.cloudinary.com\/ddjtpecho\/images\/w_648,h_444,c_scale\/f_auto,q_auto\/v1773840232\/gir-painting\/gir-painting.jpg?_i=AA 648w, https:\/\/res.cloudinary.com\/ddjtpecho\/images\/w_448,h_307,c_scale\/f_auto,q_auto\/v1773840232\/gir-painting\/gir-painting.jpg?_i=AA 448w, https:\/\/res.cloudinary.com\/ddjtpecho\/images\/w_248,h_170,c_scale\/f_auto,q_auto\/v1773840232\/gir-painting\/gir-painting.jpg?_i=AA 248w\" sizes=\"(max-width: 1920px) 100vw, 1920px\" \/>\n            <\/div>\n        <\/div><div class=\"eael-entry-wrapper\"><header class=\"eael-entry-header\"><h2 class=\"eael-entry-title\"><a class=\"eael-grid-post-link\" href=\"https:\/\/montessoridelmundo.org\/es\/enrollment-is-open\/\" title=\"\u00a1Ya est\u00e1 abierta la inscripci\u00f3n!\">\u00a1Ya est\u00e1 abierta la inscripci\u00f3n!<\/a><\/h2><\/header><div class=\"eael-entry-content\">\n                        <div class=\"eael-grid-post-excerpt\"><p>La inscripci\u00f3n para el a\u00f1o escolar 2026-2027 est\u00e1 oficialmente abierta en...<\/p><a href=\"https:\/\/montessoridelmundo.org\/es\/enrollment-is-open\/\" class=\"eael-post-elements-readmore-btn\">Leer m\u00e1s<\/a><\/div>\n                    <\/div><\/div><\/div>\n        <\/div>\n    <\/article><article class=\"eael-grid-post  eael-post-grid-column eael-pg-post-2644 category-uncategorized\" data-id=\"2644\">\n        <div class=\"eael-grid-post-holder\">\n            <div class=\"eael-grid-post-holder-inner\"><div class=\"eael-entry-media\"><div class=\"eael-entry-overlay fade-in\"><i class=\"fas fa-long-arrow-alt-right\" aria-hidden=\"true\"><\/i><a href=\"https:\/\/montessoridelmundo.org\/es\/one-community-200-meals\/\"><\/a><\/div><div class=\"eael-entry-thumbnail\">\n                <img width=\"300\" height=\"203\" data-public-id=\"IMG_20251117_083021-scaled-e1766340652253_264524708\/IMG_20251117_083021-scaled-e1766340652253_264524708.jpg\" loading=\"lazy\" decoding=\"async\" src=\"https:\/\/res.cloudinary.com\/ddjtpecho\/images\/w_300,h_203,c_scale\/f_auto,q_auto\/v1773843555\/IMG_20251117_083021-scaled-e1766340652253_264524708\/IMG_20251117_083021-scaled-e1766340652253_264524708.jpg?_i=AA\" class=\"attachment-medium size-medium wp-post-2644 wp-image-2645\" alt=\"\" data-format=\"jpg\" data-transformations=\"f_auto,q_auto\" data-version=\"1773843555\" data-seo=\"1\" data-responsive=\"1\" srcset=\"https:\/\/res.cloudinary.com\/ddjtpecho\/images\/w_300,h_203,c_scale\/f_auto,q_auto\/v1773843555\/IMG_20251117_083021-scaled-e1766340652253_264524708\/IMG_20251117_083021-scaled-e1766340652253_264524708.jpg?_i=AA 1920w, https:\/\/res.cloudinary.com\/ddjtpecho\/images\/w_1848,h_1250,c_scale\/f_auto,q_auto\/v1773843555\/IMG_20251117_083021-scaled-e1766340652253_264524708\/IMG_20251117_083021-scaled-e1766340652253_264524708.jpg?_i=AA 1848w, https:\/\/res.cloudinary.com\/ddjtpecho\/images\/w_1648,h_1114,c_scale\/f_auto,q_auto\/v1773843555\/IMG_20251117_083021-scaled-e1766340652253_264524708\/IMG_20251117_083021-scaled-e1766340652253_264524708.jpg?_i=AA 1648w, https:\/\/res.cloudinary.com\/ddjtpecho\/images\/w_1448,h_979,c_scale\/f_auto,q_auto\/v1773843555\/IMG_20251117_083021-scaled-e1766340652253_264524708\/IMG_20251117_083021-scaled-e1766340652253_264524708.jpg?_i=AA 1448w, https:\/\/res.cloudinary.com\/ddjtpecho\/images\/w_1248,h_844,c_scale\/f_auto,q_auto\/v1773843555\/IMG_20251117_083021-scaled-e1766340652253_264524708\/IMG_20251117_083021-scaled-e1766340652253_264524708.jpg?_i=AA 1248w, https:\/\/res.cloudinary.com\/ddjtpecho\/images\/w_1048,h_709,c_scale\/f_auto,q_auto\/v1773843555\/IMG_20251117_083021-scaled-e1766340652253_264524708\/IMG_20251117_083021-scaled-e1766340652253_264524708.jpg?_i=AA 1048w, https:\/\/res.cloudinary.com\/ddjtpecho\/images\/w_848,h_573,c_scale\/f_auto,q_auto\/v1773843555\/IMG_20251117_083021-scaled-e1766340652253_264524708\/IMG_20251117_083021-scaled-e1766340652253_264524708.jpg?_i=AA 848w, https:\/\/res.cloudinary.com\/ddjtpecho\/images\/w_648,h_438,c_scale\/f_auto,q_auto\/v1773843555\/IMG_20251117_083021-scaled-e1766340652253_264524708\/IMG_20251117_083021-scaled-e1766340652253_264524708.jpg?_i=AA 648w, https:\/\/res.cloudinary.com\/ddjtpecho\/images\/w_448,h_303,c_scale\/f_auto,q_auto\/v1773843555\/IMG_20251117_083021-scaled-e1766340652253_264524708\/IMG_20251117_083021-scaled-e1766340652253_264524708.jpg?_i=AA 448w, https:\/\/res.cloudinary.com\/ddjtpecho\/images\/w_248,h_167,c_scale\/f_auto,q_auto\/v1773843555\/IMG_20251117_083021-scaled-e1766340652253_264524708\/IMG_20251117_083021-scaled-e1766340652253_264524708.jpg?_i=AA 248w\" sizes=\"(max-width: 1920px) 100vw, 1920px\" \/>\n            <\/div>\n        <\/div><div class=\"eael-entry-wrapper\"><header class=\"eael-entry-header\"><h2 class=\"eael-entry-title\"><a class=\"eael-grid-post-link\" href=\"https:\/\/montessoridelmundo.org\/es\/one-community-200-meals\/\" title=\"Una Comunidad, 200 Comidas\">Una Comunidad, 200 Comidas<\/a><\/h2><\/header><div class=\"eael-entry-content\">\n                        <div class=\"eael-grid-post-excerpt\"><p>Before Thanksgiving, I had the joy of hosting a small...<\/p><a href=\"https:\/\/montessoridelmundo.org\/es\/one-community-200-meals\/\" class=\"eael-post-elements-readmore-btn\">Leer m\u00e1s<\/a><\/div>\n                    <\/div><\/div><\/div>\n        <\/div>\n    <\/article><\/div>\n            <div class=\"clearfix\"><\/div>\n        <\/div>\t\t\t\t<\/div>\n\t\t\t\t<\/div>\n\t\t\t\t\t<\/div>\n\t\t\t\t<\/div>\n\t\t<div class=\"elementor-element elementor-element-c5a7315 e-flex e-con-boxed e-con e-parent\" data-id=\"c5a7315\" data-element_type=\"container\" data-e-type=\"container\">\n\t\t\t\t\t<div class=\"e-con-inner\">\n\t\t\t\t<div class=\"elementor-element elementor-element-bf8d880 elementor-widget elementor-widget-spacer\" data-id=\"bf8d880\" data-element_type=\"widget\" data-e-type=\"widget\" data-widget_type=\"spacer.default\">\n\t\t\t\t<div class=\"elementor-widget-container\">\n\t\t\t\t\t\t\t<div class=\"elementor-spacer\">\n\t\t\t<div class=\"elementor-spacer-inner\"><\/div>\n\t\t<\/div>\n\t\t\t\t\t\t<\/div>\n\t\t\t\t<\/div>\n\t\t\t\t\t<\/div>\n\t\t\t\t<\/div>\n\t\t\t\t<\/div>","protected":false},"excerpt":{"rendered":"<p>Our Blog Our First Soccer Season: More Than A Game The first season of MdM\u2019s soccer team, Cosmos, was an&#8230; Read More Why Our Hiring Approach Matters As we move through the current school year, I\u2019m already&#8230; Read More Creativity &amp; Community at the Middle School Winter Market On December 18, 2025, during Pajama Day, [&hellip;]<\/p>\n","protected":false},"author":1,"featured_media":0,"parent":0,"menu_order":0,"comment_status":"closed","ping_status":"closed","template":"","meta":{"_eb_attr":"","site-sidebar-layout":"no-sidebar","site-content-layout":"page-builder","ast-site-content-layout":"full-width-container","site-content-style":"default","site-sidebar-style":"default","ast-global-header-display":"","ast-banner-title-visibility":"","ast-main-header-display":"","ast-hfb-above-header-display":"","ast-hfb-below-header-display":"","ast-hfb-mobile-header-display":"","site-post-title":"disabled","ast-breadcrumbs-content":"","ast-featured-img":"disabled","footer-sml-layout":"","ast-disable-related-posts":"","theme-transparent-header-meta":"","adv-header-id-meta":"","stick-header-meta":"","header-above-stick-meta":"","header-main-stick-meta":"","header-below-stick-meta":"","astra-migrate-meta-layouts":"set","ast-page-background-enabled":"default","ast-page-background-meta":{"desktop":{"background-color":"var(--ast-global-color-4)","background-image":"","background-repeat":"repeat","background-position":"center center","background-size":"auto","background-attachment":"scroll","background-type":"","background-media":"","overlay-type":"","overlay-color":"","overlay-opacity":"","overlay-gradient":""},"tablet":{"background-color":"","background-image":"","background-repeat":"repeat","background-position":"center center","background-size":"auto","background-attachment":"scroll","background-type":"","background-media":"","overlay-type":"","overlay-color":"","overlay-opacity":"","overlay-gradient":""},"mobile":{"background-color":"","background-image":"","background-repeat":"repeat","background-position":"center center","background-size":"auto","background-attachment":"scroll","background-type":"","background-media":"","overlay-type":"","overlay-color":"","overlay-opacity":"","overlay-gradient":""}},"ast-content-background-meta":{"desktop":{"background-color":"var(--ast-global-color-5)","background-image":"","background-repeat":"repeat","background-position":"center center","background-size":"auto","background-attachment":"scroll","background-type":"","background-media":"","overlay-type":"","overlay-color":"","overlay-opacity":"","overlay-gradient":""},"tablet":{"background-color":"var(--ast-global-color-5)","background-image":"","background-repeat":"repeat","background-position":"center center","background-size":"auto","background-attachment":"scroll","background-type":"","background-media":"","overlay-type":"","overlay-color":"","overlay-opacity":"","overlay-gradient":""},"mobile":{"background-color":"var(--ast-global-color-5)","background-image":"","background-repeat":"repeat","background-position":"center center","background-size":"auto","background-attachment":"scroll","background-type":"","background-media":"","overlay-type":"","overlay-color":"","overlay-opacity":"","overlay-gradient":""}},"_cloudinary_featured_overwrite":false,"footnotes":""},"class_list":["post-2675","page","type-page","status-publish","hentry"],"_links":{"self":[{"href":"https:\/\/montessoridelmundo.org\/es\/wp-json\/wp\/v2\/pages\/2675","targetHints":{"allow":["GET"]}}],"collection":[{"href":"https:\/\/montessoridelmundo.org\/es\/wp-json\/wp\/v2\/pages"}],"about":[{"href":"https:\/\/montessoridelmundo.org\/es\/wp-json\/wp\/v2\/types\/page"}],"author":[{"embeddable":true,"href":"https:\/\/montessoridelmundo.org\/es\/wp-json\/wp\/v2\/users\/1"}],"replies":[{"embeddable":true,"href":"https:\/\/montessoridelmundo.org\/es\/wp-json\/wp\/v2\/comments?post=2675"}],"version-history":[{"count":16,"href":"https:\/\/montessoridelmundo.org\/es\/wp-json\/wp\/v2\/pages\/2675\/revisions"}],"predecessor-version":[{"id":2788,"href":"https:\/\/montessoridelmundo.org\/es\/wp-json\/wp\/v2\/pages\/2675\/revisions\/2788"}],"wp:attachment":[{"href":"https:\/\/montessoridelmundo.org\/es\/wp-json\/wp\/v2\/media?parent=2675"}],"curies":[{"name":"wp","href":"https:\/\/api.w.org\/{rel}","templated":true}]}}