{"id":2622,"date":"2026-03-10T19:54:24","date_gmt":"2026-03-10T19:54:24","guid":{"rendered":"https:\/\/montessoridelmundo.org\/?page_id=2622"},"modified":"2026-03-29T02:29:24","modified_gmt":"2026-03-29T02:29:24","slug":"careers","status":"publish","type":"page","link":"https:\/\/montessoridelmundo.org\/es\/careers\/","title":{"rendered":"Empleos"},"content":{"rendered":"<div data-elementor-type=\"wp-page\" data-elementor-id=\"2622\" class=\"elementor elementor-2622\">\n\t\t\t\t<div class=\"elementor-element elementor-element-56913e8 e-flex e-con-boxed e-con e-parent\" data-id=\"56913e8\" data-element_type=\"container\" data-e-type=\"container\">\n\t\t\t\t\t<div class=\"e-con-inner\">\n\t\t\t\t<div class=\"elementor-element elementor-element-7938092 elementor-widget elementor-widget-spacer\" data-id=\"7938092\" data-element_type=\"widget\" data-e-type=\"widget\" data-widget_type=\"spacer.default\">\n\t\t\t\t<div class=\"elementor-widget-container\">\n\t\t\t\t\t\t\t<div class=\"elementor-spacer\">\n\t\t\t<div class=\"elementor-spacer-inner\"><\/div>\n\t\t<\/div>\n\t\t\t\t\t\t<\/div>\n\t\t\t\t<\/div>\n\t\t\t\t\t<\/div>\n\t\t\t\t<\/div>\n\t\t<div class=\"elementor-element elementor-element-4094ee7 e-flex e-con-boxed e-con e-parent\" data-id=\"4094ee7\" data-element_type=\"container\" data-e-type=\"container\" id=\"image-parallax-fix\" data-settings=\"{&quot;background_background&quot;:&quot;gradient&quot;}\">\n\t\t\t\t\t<div class=\"e-con-inner\">\n\t\t<div class=\"elementor-element elementor-element-8695738 e-con-full e-flex e-con e-child\" data-id=\"8695738\" data-element_type=\"container\" data-e-type=\"container\">\n\t\t\t\t<div class=\"elementor-element elementor-element-2646c9c elementor-widget elementor-widget-heading\" data-id=\"2646c9c\" data-element_type=\"widget\" data-e-type=\"widget\" data-widget_type=\"heading.default\">\n\t\t\t\t<div class=\"elementor-widget-container\">\n\t\t\t\t\t<h1 class=\"elementor-heading-title elementor-size-default\">EMPLEOS<\/h1>\t\t\t\t<\/div>\n\t\t\t\t<\/div>\n\t\t\t\t<\/div>\n\t\t\t\t\t<\/div>\n\t\t\t\t<\/div>\n\t\t<div class=\"elementor-element elementor-element-e90f62c e-flex e-con-boxed e-con e-parent\" data-id=\"e90f62c\" data-element_type=\"container\" data-e-type=\"container\">\n\t\t\t\t\t<div class=\"e-con-inner\">\n\t\t<div class=\"elementor-element elementor-element-b29abee e-con-full e-flex e-con e-child\" data-id=\"b29abee\" data-element_type=\"container\" data-e-type=\"container\">\n\t\t\t\t<div class=\"elementor-element elementor-element-f095111 elementor-widget elementor-widget-heading\" data-id=\"f095111\" data-element_type=\"widget\" data-e-type=\"widget\" data-widget_type=\"heading.default\">\n\t\t\t\t<div class=\"elementor-widget-container\">\n\t\t\t\t\t<h2 class=\"elementor-heading-title elementor-size-default\">HAZ LA <span style=\"color:#74A84A\">DIFERENCIA<\/span> EN LA VIDA DE NI\u00d1OS BILINGUES<\/h2>\t\t\t\t<\/div>\n\t\t\t\t<\/div>\n\t\t\t\t<div class=\"elementor-element elementor-element-5990b83 elementor-widget elementor-widget-text-editor\" data-id=\"5990b83\" data-element_type=\"widget\" data-e-type=\"widget\" data-widget_type=\"text-editor.default\">\n\t\t\t\t<div class=\"elementor-widget-container\">\n\t\t\t\t\t\t\t\t\t<p>\u00bfTienes inter\u00e9s en otras culturas? \u00bfSiempre has querido influir en la vida de nuestros futuros l\u00edderes? \u00a1\u00danase a nosotros! Somos un grupo diverso de Montessorianos biling\u00fces que creemos que todos los estudiantes merecen una educaci\u00f3n ling\u00fc\u00edstica, acad\u00e9mica y socialmente apropiada. Nuestro personal representa a m\u00e1s de 10 pa\u00edses, incluidos Colombia, Costa Rica, Rep\u00fablica Dominicana, El Salvador, Honduras, M\u00e9xico, Nicaragua, Espa\u00f1a, Venezuela y Estados Unidos. Todos hemos aterrizado en una de las ciudades m\u00e1s diversas de Estados Unidos (Aurora, Colorado) para educar a nuestros futuros l\u00edderes.<\/p>\t\t\t\t\t\t\t\t<\/div>\n\t\t\t\t<\/div>\n\t\t\t\t<\/div>\n\t\t<div class=\"elementor-element elementor-element-0c682a2 e-con-full elementor-hidden-tablet elementor-hidden-mobile e-flex e-con e-child\" data-id=\"0c682a2\" data-element_type=\"container\" data-e-type=\"container\">\n\t\t\t\t<div class=\"elementor-element elementor-element-cc91ee5 elementor-widget elementor-widget-image\" data-id=\"cc91ee5\" data-element_type=\"widget\" data-e-type=\"widget\" data-widget_type=\"image.default\">\n\t\t\t\t<div class=\"elementor-widget-container\">\n\t\t\t\t\t\t\t\t\t\t\t\t\t\t\t<img width=\"2048\" height=\"1225\" fetchpriority=\"high\" decoding=\"async\" src=\"data:image\/svg+xml;base64,PHN2ZyB4bWxucz0iaHR0cDovL3d3dy53My5vcmcvMjAwMC9zdmciIHdpZHRoPSIyMDQ4IiBoZWlnaHQ9IjEyMjUiPjxyZWN0IHdpZHRoPSIxMDAlIiBoZWlnaHQ9IjEwMCUiPjxhbmltYXRlIGF0dHJpYnV0ZU5hbWU9ImZpbGwiIHZhbHVlcz0icmdiYSgxNTMsMTUzLDE1MywwLjUpO3JnYmEoMTUzLDE1MywxNTMsMC4xKTtyZ2JhKDE1MywxNTMsMTUzLDAuNSkiIGR1cj0iMnMiIHJlcGVhdENvdW50PSJpbmRlZmluaXRlIiAvPjwvcmVjdD48L3N2Zz4=\" class=\"attachment-full size-full wp-post-2622 wp-image-2577\" alt=\"\" data-public-id=\"Careers-Map\/Careers-Map.png\" data-format=\"png\" data-transformations=\"f_auto,q_auto\" data-version=\"1773845548\" data-seo=\"1\" data-responsive=\"1\" data-size=\"2048 1225\" data-delivery=\"upload\" onload=\";window.CLDBind?CLDBind(this):null;\" data-cloudinary=\"lazy\" \/>\t\t\t\t\t\t\t\t\t\t\t\t\t\t\t<\/div>\n\t\t\t\t<\/div>\n\t\t\t\t<\/div>\n\t\t\t\t\t<\/div>\n\t\t\t\t<\/div>\n\t\t<div class=\"elementor-element elementor-element-1c7848e e-flex e-con-boxed e-con e-parent\" data-id=\"1c7848e\" data-element_type=\"container\" data-e-type=\"container\">\n\t\t\t\t\t<div class=\"e-con-inner\">\n\t\t\t\t<div class=\"elementor-element elementor-element-2772cde elementor-widget elementor-widget-text-editor\" data-id=\"2772cde\" data-element_type=\"widget\" data-e-type=\"widget\" data-widget_type=\"text-editor.default\">\n\t\t\t\t<div class=\"elementor-widget-container\">\n\t\t\t\t\t\t\t\t\t<h3><strong>Por qu\u00e9 trabajar aqu\u00ed?<\/strong><\/h3><p>\u00bfSus valores se alinean con los nuestros? Creemos:<\/p><ul><li aria-level=\"1\">La educaci\u00f3n Montessori es eficaz para una poblaci\u00f3n estudiantil diversa.<\/li><li aria-level=\"1\">La educaci\u00f3n biling\u00fce importa. Todos somos biling\u00fces en espa\u00f1ol y todos estamos aprendiendo y creciendo en uno o m\u00e1s idiomas.<\/li><li aria-level=\"1\">Los ni\u00f1os necesitan instrucci\u00f3n en habilidades sociales y regulaci\u00f3n emocional, esto es tan importante como lo acad\u00e9mico.<\/li><li aria-level=\"1\">La educaci\u00f3n puede y debe ser respetuosa de los ni\u00f1os como individuos.<\/li><li aria-level=\"1\">Las escuelas son comunidades, educar a los ni\u00f1os es un esfuerzo de equipo entre padres, familiares y educadores.<\/li><\/ul><p>Hay muchos beneficios al unirse a nuestro equipo. Ofrecemos:<\/p><ul><li aria-level=\"1\">Una familia escolar profundamente conectada y solidaria.<\/li><li aria-level=\"1\">Paquete de compensaci\u00f3n competitivo que incluye beneficios de salud, dentales y de la vista, tiempo libre remunerado, desarrollo profesional de alta calidad, jubilaci\u00f3n de PERA y oportunidades de crecimiento.<\/li><li aria-level=\"1\">Un calendario laboral de 190 \u2013 210 d\u00edas al a\u00f1o dependiendo del puesto.<\/li><li aria-level=\"1\">Un ambiente de trabajo donde cada persona est\u00e1 invitada y animada a aportar su autenticidad a su profesi\u00f3n.<\/li><\/ul>\t\t\t\t\t\t\t\t<\/div>\n\t\t\t\t<\/div>\n\t\t\t\t<div class=\"elementor-element elementor-element-a22c18a elementor-widget elementor-widget-spacer\" data-id=\"a22c18a\" data-element_type=\"widget\" data-e-type=\"widget\" data-widget_type=\"spacer.default\">\n\t\t\t\t<div class=\"elementor-widget-container\">\n\t\t\t\t\t\t\t<div class=\"elementor-spacer\">\n\t\t\t<div class=\"elementor-spacer-inner\"><\/div>\n\t\t<\/div>\n\t\t\t\t\t\t<\/div>\n\t\t\t\t<\/div>\n\t\t\t\t<div class=\"elementor-element elementor-element-673b4b5 elementor-widget elementor-widget-text-editor\" data-id=\"673b4b5\" data-element_type=\"widget\" data-e-type=\"widget\" data-widget_type=\"text-editor.default\">\n\t\t\t\t<div class=\"elementor-widget-container\">\n\t\t\t\t\t\t\t\t\t<h3><b>\u00bfQuieres unirte a nosotros? Estamos entrevistando para los siguientes puestos para 2026-2027<\/b><b>:<\/b><\/h3><ul><li aria-level=\"1\"><a href=\"https:\/\/docs.google.com\/document\/d\/17-ncwP3tzAEm0uytGhmTpLBtfXUcy60P\/edit?usp=sharing&amp;ouid=103635704493419762458&amp;rtpof=true&amp;sd=true\" target=\"_blank\" rel=\"noopener\">Asistente: Taller\/Flotante \u2013 Biling\u00fce (ingl\u00e9s\/espa\u00f1ol)<\/a><\/li><li><a href=\"https:\/\/docs.google.com\/document\/d\/1xoU4Skajy5GIZYsquZAvwB6689r7d2I9\/edit?usp=sharing&amp;ouid=103635704493419762458&amp;rtpof=true&amp;sd=true\" target=\"_blank\" rel=\"noopener\">Conserje\/Mantenimiento \u2013 Biling\u00fce (ingl\u00e9s\/espa\u00f1ol)<\/a><\/li><li><a href=\"https:\/\/docs.google.com\/document\/d\/1VHT0H0nBbAkXdGIIbr0QyR7YfYs84uAb\/edit?usp=sharing&amp;ouid=103635704493419762458&amp;rtpof=true&amp;sd=true\" target=\"_blank\" rel=\"noopener\">Gu\u00eda: Arte \u2013 Bilingue \/ Tiempo Parcial (ingl\u00e9s\/espa\u00f1ol)<\/a><\/li><li aria-level=\"1\"><a href=\"https:\/\/docs.google.com\/document\/d\/11SZIcGZpw1Y3KUGH0zIBblXRscxp1IZx\/edit?usp=sharing&amp;ouid=103635704493419762458&amp;rtpof=true&amp;sd=true\" target=\"_blank\" rel=\"noopener\"><span data-sheets-root=\"1\">Gu\u00eda: Taller 1 \u2013 Biling\u00fce (ingl\u00e9s\/espa\u00f1ol)<\/span><\/a><\/li><li aria-level=\"1\"><a href=\"https:\/\/docs.google.com\/document\/d\/1taRMxKKN7tcUri3rcNJBxX3Yv93PgluI\/edit?usp=sharing&amp;ouid=103635704493419762458&amp;rtpof=true&amp;sd=true\" target=\"_blank\" rel=\"noopener\"><span data-sheets-root=\"1\">Gu\u00eda: Taller 2 \u2013 Bilingue (ingl\u00e9s\/espa\u00f1ol)<\/span><\/a><\/li><li aria-level=\"1\"><a href=\"https:\/\/docs.google.com\/document\/d\/14AGm1D6g9JDijVZqdMyNvvMloutD_bsu\/edit?usp=sharing&amp;ouid=103635704493419762458&amp;rtpof=true&amp;sd=true\" target=\"_blank\" rel=\"noopener\">Gu\u00eda: Taller 3 (matem\u00e1ticas\/ciencias) \u2013 Biling\u00fce (ingl\u00e9s\/espa\u00f1ol)<\/a><\/li><li><a href=\"https:\/\/docs.google.com\/document\/d\/180YwqnEjTMZal_z2Tb86mkiuY3eAsF4n\/edit?usp=sharing&amp;ouid=103635704493419762458&amp;rtpof=true&amp;sd=true\" target=\"_blank\" rel=\"noopener\"><span data-sheets-root=\"1\">Intervencionista de alfabetizaci\u00f3n: biling\u00fce (ingl\u00e9s\/espa\u00f1ol) Enfoque en ingl\u00e9s Tiempo completo<\/span><\/a><\/li><li aria-level=\"1\"><a href=\"https:\/\/docs.google.com\/document\/d\/1YjuE05njbvbbQ0j5dfeKJuIbfASz7z82\/edit?usp=sharing&amp;ouid=103635704493419762458&amp;rtpof=true&amp;sd=true\" target=\"_blank\" rel=\"noopener\">Pasante Montessori \u2013 Bilingue (ingl\u00e9s\/espa\u00f1ol)<\/a><\/li><li aria-level=\"1\"><a href=\"https:\/\/docs.google.com\/document\/d\/1JOC6MjR6KuJ3qr0Z5h_xVi6GgA0XF1Sn\/edit?usp=sharing&amp;ouid=109805455710244399619&amp;rtpof=true&amp;sd=true\" target=\"_blank\" rel=\"noopener\"><span data-sheets-root=\"1\">Consejero Escolar- se requiere licencia- Biling\u00fce (ingl\u00e9s\/espa\u00f1ol)<\/span><\/a><\/li><li aria-level=\"1\"><a href=\"https:\/\/docs.google.com\/document\/d\/16YNY3QvmSkQM0oJnKOMaxA-icfek-FmM\/edit?usp=sharing&amp;ouid=103635704493419762458&amp;rtpof=true&amp;sd=true\" target=\"_blank\" rel=\"noopener\"><span data-sheets-root=\"1\">Suplente: De guardia biling\u00fce (ingl\u00e9s\/espa\u00f1ol)<\/span><\/a><\/li><\/ul>\t\t\t\t\t\t\t\t<\/div>\n\t\t\t\t<\/div>\n\t\t\t\t\t<\/div>\n\t\t\t\t<\/div>\n\t\t<div class=\"elementor-element elementor-element-75d8540 e-flex e-con-boxed e-con e-parent\" data-id=\"75d8540\" data-element_type=\"container\" data-e-type=\"container\">\n\t\t\t\t\t<div class=\"e-con-inner\">\n\t\t\t\t<div class=\"elementor-element elementor-element-7222951 elementor-widget elementor-widget-text-editor\" data-id=\"7222951\" data-element_type=\"widget\" data-e-type=\"widget\" data-widget_type=\"text-editor.default\">\n\t\t\t\t<div class=\"elementor-widget-container\">\n\t\t\t\t\t\t\t\t\t<h3><b>Para aplicar<\/b><\/h3>\n<b>Listo para unirte al equipo? <br>Revise las descripciones de trabajo y las calificaciones vinculadas. Si descubre que es el candidato adecuado para cualquiera de nuestros puestos vacantes, nos encantar\u00eda saber de usted. Aseg\u00farese de leer las instrucciones de contrataci\u00f3n en la descripci\u00f3n del trabajo. Si tiene preguntas sobre empleo, por favor cont\u00e1ctenos en\u00a0<a href=\"mailto:hiring@montessoridelmundo.org\">hiring@montessoridelmundo.org<\/a>.<\/b><br><br>\n\n<strong>Aviso de no discriminaci\u00f3n<\/strong><br>\n\nMontessori del Mundo (MdM) da la bienvenida a todos los estudiantes y se esfuerza por crear y mantener una poblaci\u00f3n estudiantil diversa. <br>MdM se dedica a los principios de igualdad de oportunidades y prevenci\u00f3n del acoso en todas sus pr\u00e1cticas. Los programas educativos, actividades y oportunidades de empleo que ofrece MdM se ofrecen sin distinci\u00f3n de discapacidad, raza, credo, color, sexo, orientaci\u00f3n sexual, identidad de g\u00e9nero, expresi\u00f3n de g\u00e9nero, origen nacional, idioma, religi\u00f3n, ascendencia, necesidad de servicios de educaci\u00f3n especial o cualquier otra clase protegida.<br><br>\n\nSi tiene alguna queja sobre discriminaci\u00f3n o acoso en relaci\u00f3n con Montessori del Mundo, p\u00f3ngase en contacto con uno de los coordinadores que aparecen a continuaci\u00f3n.\n\n<strong>Coordinador del t\u00edtulo IX\n<\/strong>Wendy Rene\u00e9\n<a href=\"mailto:Wendy@montessoridelmundo.org\">Wendy@montessoridelmundo.org<\/a>\n(720)863-8629, ext. 101\n<br><br>\n<strong>Coordinador de la Secci\u00f3n 504 de la Ley de Estadounidenses con Discapacidades (ADA, por sus siglas en ingl\u00e9s)\n<\/strong>Wendy Rene\u00e9\n<a href=\"mailto:Wendy@montessoridelmundo.org\">Wendy@montessoridelmundo.org<\/a>\n(720)863-8629, ext. 101\t\t\t\t\t\t\t\t<\/div>\n\t\t\t\t<\/div>\n\t\t\t\t\t<\/div>\n\t\t\t\t<\/div>\n\t\t<div class=\"elementor-element elementor-element-6b9d2e6 e-flex e-con-boxed e-con e-parent\" data-id=\"6b9d2e6\" data-element_type=\"container\" data-e-type=\"container\" id=\"image-parallax-fix\">\n\t\t\t\t\t<div class=\"e-con-inner\">\n\t\t\t\t<div class=\"elementor-element elementor-element-3d3637b elementor-widget elementor-widget-spacer\" data-id=\"3d3637b\" data-element_type=\"widget\" data-e-type=\"widget\" data-widget_type=\"spacer.default\">\n\t\t\t\t<div class=\"elementor-widget-container\">\n\t\t\t\t\t\t\t<div class=\"elementor-spacer\">\n\t\t\t<div class=\"elementor-spacer-inner\"><\/div>\n\t\t<\/div>\n\t\t\t\t\t\t<\/div>\n\t\t\t\t<\/div>\n\t\t\t\t\t<\/div>\n\t\t\t\t<\/div>\n\t\t\t\t<\/div>","protected":false},"excerpt":{"rendered":"<p>careers Make a Difference in the Lives of Bilingual Children! Do you have an interest in other cultures? Have you always wanted to influence the lives of our future leaders? Join us! We are a diverse group of bilingual Montessorians who believe all students deserve a linguistically, academically, and socially appropriate education.\u00a0 Our staff represents [&hellip;]<\/p>\n","protected":false},"author":1,"featured_media":0,"parent":0,"menu_order":0,"comment_status":"closed","ping_status":"closed","template":"","meta":{"_eb_attr":"","site-sidebar-layout":"no-sidebar","site-content-layout":"page-builder","ast-site-content-layout":"full-width-container","site-content-style":"unboxed","site-sidebar-style":"unboxed","ast-global-header-display":"","ast-banner-title-visibility":"","ast-main-header-display":"","ast-hfb-above-header-display":"","ast-hfb-below-header-display":"","ast-hfb-mobile-header-display":"","site-post-title":"disabled","ast-breadcrumbs-content":"","ast-featured-img":"disabled","footer-sml-layout":"","ast-disable-related-posts":"","theme-transparent-header-meta":"enabled","adv-header-id-meta":"","stick-header-meta":"","header-above-stick-meta":"","header-main-stick-meta":"","header-below-stick-meta":"","astra-migrate-meta-layouts":"set","ast-page-background-enabled":"default","ast-page-background-meta":{"desktop":{"background-color":"var(--ast-global-color-4)","background-image":"","background-repeat":"repeat","background-position":"center center","background-size":"auto","background-attachment":"scroll","background-type":"","background-media":"","overlay-type":"","overlay-color":"","overlay-opacity":"","overlay-gradient":""},"tablet":{"background-color":"","background-image":"","background-repeat":"repeat","background-position":"center center","background-size":"auto","background-attachment":"scroll","background-type":"","background-media":"","overlay-type":"","overlay-color":"","overlay-opacity":"","overlay-gradient":""},"mobile":{"background-color":"","background-image":"","background-repeat":"repeat","background-position":"center center","background-size":"auto","background-attachment":"scroll","background-type":"","background-media":"","overlay-type":"","overlay-color":"","overlay-opacity":"","overlay-gradient":""}},"ast-content-background-meta":{"desktop":{"background-color":"var(--ast-global-color-5)","background-image":"","background-repeat":"repeat","background-position":"center center","background-size":"auto","background-attachment":"scroll","background-type":"","background-media":"","overlay-type":"","overlay-color":"","overlay-opacity":"","overlay-gradient":""},"tablet":{"background-color":"var(--ast-global-color-5)","background-image":"","background-repeat":"repeat","background-position":"center center","background-size":"auto","background-attachment":"scroll","background-type":"","background-media":"","overlay-type":"","overlay-color":"","overlay-opacity":"","overlay-gradient":""},"mobile":{"background-color":"var(--ast-global-color-5)","background-image":"","background-repeat":"repeat","background-position":"center center","background-size":"auto","background-attachment":"scroll","background-type":"","background-media":"","overlay-type":"","overlay-color":"","overlay-opacity":"","overlay-gradient":""}},"_cloudinary_featured_overwrite":false,"footnotes":""},"class_list":["post-2622","page","type-page","status-publish","hentry"],"_links":{"self":[{"href":"https:\/\/montessoridelmundo.org\/es\/wp-json\/wp\/v2\/pages\/2622","targetHints":{"allow":["GET"]}}],"collection":[{"href":"https:\/\/montessoridelmundo.org\/es\/wp-json\/wp\/v2\/pages"}],"about":[{"href":"https:\/\/montessoridelmundo.org\/es\/wp-json\/wp\/v2\/types\/page"}],"author":[{"embeddable":true,"href":"https:\/\/montessoridelmundo.org\/es\/wp-json\/wp\/v2\/users\/1"}],"replies":[{"embeddable":true,"href":"https:\/\/montessoridelmundo.org\/es\/wp-json\/wp\/v2\/comments?post=2622"}],"version-history":[{"count":10,"href":"https:\/\/montessoridelmundo.org\/es\/wp-json\/wp\/v2\/pages\/2622\/revisions"}],"predecessor-version":[{"id":4482,"href":"https:\/\/montessoridelmundo.org\/es\/wp-json\/wp\/v2\/pages\/2622\/revisions\/4482"}],"wp:attachment":[{"href":"https:\/\/montessoridelmundo.org\/es\/wp-json\/wp\/v2\/media?parent=2622"}],"curies":[{"name":"wp","href":"https:\/\/api.w.org\/{rel}","templated":true}]}}