{"id":2570,"date":"2026-03-10T19:33:15","date_gmt":"2026-03-10T19:33:15","guid":{"rendered":"https:\/\/montessoridelmundo.org\/?page_id=2570"},"modified":"2026-03-19T13:27:16","modified_gmt":"2026-03-19T13:27:16","slug":"families","status":"publish","type":"page","link":"https:\/\/montessoridelmundo.org\/es\/families\/","title":{"rendered":"Familias"},"content":{"rendered":"<div data-elementor-type=\"wp-page\" data-elementor-id=\"2570\" class=\"elementor elementor-2570\">\n\t\t\t\t<div class=\"elementor-element elementor-element-56913e8 e-flex e-con-boxed e-con e-parent\" data-id=\"56913e8\" data-element_type=\"container\" data-e-type=\"container\">\n\t\t\t\t\t<div class=\"e-con-inner\">\n\t\t\t\t<div class=\"elementor-element elementor-element-7938092 elementor-widget elementor-widget-spacer\" data-id=\"7938092\" data-element_type=\"widget\" data-e-type=\"widget\" data-widget_type=\"spacer.default\">\n\t\t\t\t<div class=\"elementor-widget-container\">\n\t\t\t\t\t\t\t<div class=\"elementor-spacer\">\n\t\t\t<div class=\"elementor-spacer-inner\"><\/div>\n\t\t<\/div>\n\t\t\t\t\t\t<\/div>\n\t\t\t\t<\/div>\n\t\t\t\t\t<\/div>\n\t\t\t\t<\/div>\n\t\t<div class=\"elementor-element elementor-element-4094ee7 e-flex e-con-boxed e-con e-parent\" data-id=\"4094ee7\" data-element_type=\"container\" data-e-type=\"container\" id=\"image-parallax-fix\" data-settings=\"{&quot;background_background&quot;:&quot;gradient&quot;}\">\n\t\t\t\t\t<div class=\"e-con-inner\">\n\t\t<div class=\"elementor-element elementor-element-8695738 e-con-full e-flex e-con e-child\" data-id=\"8695738\" data-element_type=\"container\" data-e-type=\"container\">\n\t\t\t\t<div class=\"elementor-element elementor-element-2646c9c elementor-widget elementor-widget-heading\" data-id=\"2646c9c\" data-element_type=\"widget\" data-e-type=\"widget\" data-widget_type=\"heading.default\">\n\t\t\t\t<div class=\"elementor-widget-container\">\n\t\t\t\t\t<h1 class=\"elementor-heading-title elementor-size-default\">Familias<\/h1>\t\t\t\t<\/div>\n\t\t\t\t<\/div>\n\t\t\t\t<\/div>\n\t\t\t\t\t<\/div>\n\t\t\t\t<\/div>\n\t\t<div class=\"elementor-element elementor-element-f46148d e-flex e-con-boxed e-con e-parent\" data-id=\"f46148d\" data-element_type=\"container\" data-e-type=\"container\">\n\t\t\t\t\t<div class=\"e-con-inner\">\n\t\t\t\t<div class=\"elementor-element elementor-element-6ff57cd elementor-widget elementor-widget-heading\" data-id=\"6ff57cd\" data-element_type=\"widget\" data-e-type=\"widget\" data-widget_type=\"heading.default\">\n\t\t\t\t<div class=\"elementor-widget-container\">\n\t\t\t\t\t<h2 class=\"elementor-heading-title elementor-size-default\"><span style=\"color:#74A84A\">Recursos<\/span> para Familias<\/h2>\t\t\t\t<\/div>\n\t\t\t\t<\/div>\n\t\t\t\t\t<\/div>\n\t\t\t\t<\/div>\n\t\t<div class=\"elementor-element elementor-element-e90f62c e-flex e-con-boxed e-con e-parent\" data-id=\"e90f62c\" data-element_type=\"container\" data-e-type=\"container\">\n\t\t\t\t\t<div class=\"e-con-inner\">\n\t\t<div class=\"elementor-element elementor-element-0c682a2 e-con-full elementor-hidden-tablet elementor-hidden-mobile e-flex e-con e-child\" data-id=\"0c682a2\" data-element_type=\"container\" data-e-type=\"container\">\n\t\t\t\t<div class=\"elementor-element elementor-element-cc91ee5 elementor-widget elementor-widget-image\" data-id=\"cc91ee5\" data-element_type=\"widget\" data-e-type=\"widget\" data-widget_type=\"image.default\">\n\t\t\t\t<div class=\"elementor-widget-container\">\n\t\t\t\t\t\t\t\t\t\t\t\t\t\t\t<img width=\"2560\" height=\"1707\" fetchpriority=\"high\" decoding=\"async\" src=\"data:image\/svg+xml;base64,PHN2ZyB4bWxucz0iaHR0cDovL3d3dy53My5vcmcvMjAwMC9zdmciIHdpZHRoPSIyNTYwIiBoZWlnaHQ9IjE3MDciPjxyZWN0IHdpZHRoPSIxMDAlIiBoZWlnaHQ9IjEwMCUiPjxhbmltYXRlIGF0dHJpYnV0ZU5hbWU9ImZpbGwiIHZhbHVlcz0icmdiYSgxNTMsMTUzLDE1MywwLjUpO3JnYmEoMTUzLDE1MywxNTMsMC4xKTtyZ2JhKDE1MywxNTMsMTUzLDAuNSkiIGR1cj0iMnMiIHJlcGVhdENvdW50PSJpbmRlZmluaXRlIiAvPjwvcmVjdD48L3N2Zz4=\" class=\"attachment-full size-full wp-post-2570 wp-image-2482\" alt=\"\" data-public-id=\"Montessori-Del-Mundo-FINALS-290-scaled-1\/Montessori-Del-Mundo-FINALS-290-scaled-1.jpg\" data-format=\"jpg\" data-transformations=\"f_auto,q_auto\" data-version=\"1773840846\" data-seo=\"1\" data-responsive=\"1\" data-size=\"2560 1707\" data-delivery=\"upload\" onload=\";window.CLDBind?CLDBind(this):null;\" data-cloudinary=\"lazy\" \/>\t\t\t\t\t\t\t\t\t\t\t\t\t\t\t<\/div>\n\t\t\t\t<\/div>\n\t\t\t\t<\/div>\n\t\t<div class=\"elementor-element elementor-element-b29abee e-con-full e-flex e-con e-child\" data-id=\"b29abee\" data-element_type=\"container\" data-e-type=\"container\">\n\t\t\t\t<div class=\"elementor-element elementor-element-4c2dd82 elementor-mobile-align-center elementor-icon-list--layout-traditional elementor-list-item-link-full_width elementor-widget elementor-widget-icon-list\" data-id=\"4c2dd82\" data-element_type=\"widget\" data-e-type=\"widget\" data-widget_type=\"icon-list.default\">\n\t\t\t\t<div class=\"elementor-widget-container\">\n\t\t\t\t\t\t\t<ul class=\"elementor-icon-list-items\">\n\t\t\t\t\t\t\t<li class=\"elementor-icon-list-item\">\n\t\t\t\t\t\t\t\t\t\t\t<a href=\"https:\/\/docs.google.com\/document\/d\/1S36Y0ccBXwWtIIJHr31me3K1QODmkubP\/edit?usp=sharing&#038;ouid=109805455710244399619&#038;rtpof=true&#038;sd=true\" target=\"_blank\">\n\n\t\t\t\t\t\t\t\t\t\t\t\t<span class=\"elementor-icon-list-icon\">\n\t\t\t\t\t\t\t<i aria-hidden=\"true\" class=\"fas fa-book\"><\/i>\t\t\t\t\t\t<\/span>\n\t\t\t\t\t\t\t\t\t\t<span class=\"elementor-icon-list-text\">Manual para estudiantes y familias<\/span>\n\t\t\t\t\t\t\t\t\t\t\t<\/a>\n\t\t\t\t\t\t\t\t\t<\/li>\n\t\t\t\t\t\t\t\t<li class=\"elementor-icon-list-item\">\n\t\t\t\t\t\t\t\t\t\t\t<a href=\"https:\/\/nutrition.menulogic-k12.com\/#\/aps\/calendar\" target=\"_blank\">\n\n\t\t\t\t\t\t\t\t\t\t\t\t<span class=\"elementor-icon-list-icon\">\n\t\t\t\t\t\t\t<i aria-hidden=\"true\" class=\"fas fa-utensils\"><\/i>\t\t\t\t\t\t<\/span>\n\t\t\t\t\t\t\t\t\t\t<span class=\"elementor-icon-list-text\">Men\u00fa \ndel almuerzo<\/span>\n\t\t\t\t\t\t\t\t\t\t\t<\/a>\n\t\t\t\t\t\t\t\t\t<\/li>\n\t\t\t\t\t\t\t\t<li class=\"elementor-icon-list-item\">\n\t\t\t\t\t\t\t\t\t\t\t<a href=\"https:\/\/docs.google.com\/spreadsheets\/d\/1NfqIHWkmLFk8GwqNofvP9AOEWm_dGeoP230UyjMTna4\/edit?gid=435519095#gid=435519095\" target=\"_blank\">\n\n\t\t\t\t\t\t\t\t\t\t\t\t<span class=\"elementor-icon-list-icon\">\n\t\t\t\t\t\t\t<i aria-hidden=\"true\" class=\"far fa-calendar-alt\"><\/i>\t\t\t\t\t\t<\/span>\n\t\t\t\t\t\t\t\t\t\t<span class=\"elementor-icon-list-text\">Calendario Acad\u00e9mico 2025-26<\/span>\n\t\t\t\t\t\t\t\t\t\t\t<\/a>\n\t\t\t\t\t\t\t\t\t<\/li>\n\t\t\t\t\t\t\t\t<li class=\"elementor-icon-list-item\">\n\t\t\t\t\t\t\t\t\t\t\t<a href=\"https:\/\/docs.google.com\/spreadsheets\/d\/1p0_xcBvlkDX73WsaILuisKpqjY8vZFbkWXtx4MowVZg\/edit?gid=0#gid=0\" target=\"_blank\">\n\n\t\t\t\t\t\t\t\t\t\t\t\t<span class=\"elementor-icon-list-icon\">\n\t\t\t\t\t\t\t<i aria-hidden=\"true\" class=\"far fa-calendar-check\"><\/i>\t\t\t\t\t\t<\/span>\n\t\t\t\t\t\t\t\t\t\t<span class=\"elementor-icon-list-text\">Calendario de Evaluaciones 2025-26<\/span>\n\t\t\t\t\t\t\t\t\t\t\t<\/a>\n\t\t\t\t\t\t\t\t\t<\/li>\n\t\t\t\t\t\t\t\t<li class=\"elementor-icon-list-item\">\n\t\t\t\t\t\t\t\t\t\t\t<a href=\"https:\/\/drive.google.com\/file\/d\/1mAL-0nkDw-m5nMgsC4shIgxtTbazovLT\/view\" target=\"_blank\">\n\n\t\t\t\t\t\t\t\t\t\t\t\t<span class=\"elementor-icon-list-icon\">\n\t\t\t\t\t\t\t<i aria-hidden=\"true\" class=\"fas fa-first-aid\"><\/i>\t\t\t\t\t\t<\/span>\n\t\t\t\t\t\t\t\t\t\t<span class=\"elementor-icon-list-text\">\u00bfQu\u00e9 tan enfermo est\u00e1 demasiado enfermo para la escuela?<\/span>\n\t\t\t\t\t\t\t\t\t\t\t<\/a>\n\t\t\t\t\t\t\t\t\t<\/li>\n\t\t\t\t\t\t\t\t<li class=\"elementor-icon-list-item\">\n\t\t\t\t\t\t\t\t\t\t\t<a href=\"https:\/\/montessoridelmundo.org\/families\/estrellas\/\" target=\"_blank\">\n\n\t\t\t\t\t\t\t\t\t\t\t\t<span class=\"elementor-icon-list-icon\">\n\t\t\t\t\t\t\t<i aria-hidden=\"true\" class=\"fas fa-hands-helping\"><\/i>\t\t\t\t\t\t<\/span>\n\t\t\t\t\t\t\t\t\t\t<span class=\"elementor-icon-list-text\">Estrellas - Equipo de Apoyo Socioemocional<\/span>\n\t\t\t\t\t\t\t\t\t\t\t<\/a>\n\t\t\t\t\t\t\t\t\t<\/li>\n\t\t\t\t\t\t\t\t<li class=\"elementor-icon-list-item\">\n\t\t\t\t\t\t\t\t\t\t\t<a href=\"https:\/\/www.cde.state.co.us\/coloradoliteracy\/literacycurriculumtransparency\" target=\"_blank\">\n\n\t\t\t\t\t\t\t\t\t\t\t\t<span class=\"elementor-icon-list-icon\">\n\t\t\t\t\t\t\t<i aria-hidden=\"true\" class=\"fas fa-book-reader\"><\/i>\t\t\t\t\t\t<\/span>\n\t\t\t\t\t\t\t\t\t\t<span class=\"elementor-icon-list-text\">P\u00e1gina de transparencia del plan de estudios de alfabetizaci\u00f3n del CDE<\/span>\n\t\t\t\t\t\t\t\t\t\t\t<\/a>\n\t\t\t\t\t\t\t\t\t<\/li>\n\t\t\t\t\t\t<\/ul>\n\t\t\t\t\t\t<\/div>\n\t\t\t\t<\/div>\n\t\t\t\t<\/div>\n\t\t\t\t\t<\/div>\n\t\t\t\t<\/div>\n\t\t<div class=\"elementor-element elementor-element-6b9d2e6 e-flex e-con-boxed e-con e-parent\" data-id=\"6b9d2e6\" data-element_type=\"container\" data-e-type=\"container\" id=\"image-parallax-fix\">\n\t\t\t\t\t<div class=\"e-con-inner\">\n\t\t\t\t<div class=\"elementor-element elementor-element-3d3637b elementor-widget elementor-widget-spacer\" data-id=\"3d3637b\" data-element_type=\"widget\" data-e-type=\"widget\" data-widget_type=\"spacer.default\">\n\t\t\t\t<div class=\"elementor-widget-container\">\n\t\t\t\t\t\t\t<div class=\"elementor-spacer\">\n\t\t\t<div class=\"elementor-spacer-inner\"><\/div>\n\t\t<\/div>\n\t\t\t\t\t\t<\/div>\n\t\t\t\t<\/div>\n\t\t\t\t\t<\/div>\n\t\t\t\t<\/div>\n\t\t<div class=\"elementor-element elementor-element-312e0b1 e-flex e-con-boxed e-con e-parent\" data-id=\"312e0b1\" data-element_type=\"container\" data-e-type=\"container\">\n\t\t\t\t\t<div class=\"e-con-inner\">\n\t\t\t\t<div class=\"elementor-element elementor-element-de5784c elementor-widget elementor-widget-heading\" data-id=\"de5784c\" data-element_type=\"widget\" data-e-type=\"widget\" data-widget_type=\"heading.default\">\n\t\t\t\t<div class=\"elementor-widget-container\">\n\t\t\t\t\t<h2 class=\"elementor-heading-title elementor-size-default\">POL\u00cdTICA DE<span style=\"color:#74A84A\"> UNIFORMES<\/span> <\/h2>\t\t\t\t<\/div>\n\t\t\t\t<\/div>\n\t\t\t\t\t<\/div>\n\t\t\t\t<\/div>\n\t\t<div class=\"elementor-element elementor-element-75d8540 e-flex e-con-boxed e-con e-parent\" data-id=\"75d8540\" data-element_type=\"container\" data-e-type=\"container\">\n\t\t\t\t\t<div class=\"e-con-inner\">\n\t\t\t\t<div class=\"elementor-element elementor-element-7222951 elementor-widget elementor-widget-text-editor\" data-id=\"7222951\" data-element_type=\"widget\" data-e-type=\"widget\" data-widget_type=\"text-editor.default\">\n\t\t\t\t<div class=\"elementor-widget-container\">\n\t\t\t\t\t\t\t\t\t<p>En MdM usamos uniforme por cuatro razones importantes:<\/p><ul><li>Seguridad: los uniformes nos permiten identificar r\u00e1pidamente a nuestros estudiantes.<\/li><li>Comunidad: los uniformes nos unen como familia escolar.<\/li><li>Respeto por el trabajo:\u00a0los uniformes ayudan a los estudiantes a ser conscientes y concentrarse mejor en su trabajo para aprender, explorar y crecer.<\/li><li>Econom\u00eda familiar: los uniformes ayudan a las familias a ahorrar dinero en ropa y tiempo por las ma\u00f1anas a la hora de prepararse para ir al colegio.<\/li><\/ul><p>Todos los estudiantes deben venir a la escuela con el uniforme de MdM todos los d\u00edas de clases y en las excursiones.<\/p><p>Si un estudiante llega sin el uniforme, se notificar\u00e1 a sus padres o tutores en persona, por tel\u00e9fono o por escrito, y se les pedir\u00e1 que lo env\u00eden con el uniforme completo al siguiente d\u00eda de clases. El uniforme se describe a continuaci\u00f3n.<br \/><br \/><\/p><p><b>MdM se asocia con Impact We Print:<\/b><b>\u00a0<\/b>ubicado en 3930 Holly St, Denver, CO 80207\u00a0\u00a0<a href=\"https:\/\/www.google.com\/search?q=impact+we+print&amp;rlz=1C1GCEA_enUS993US994&amp;oq=impact+we+print&amp;aqs=chrome..69i57j46i175i199i512j0i10i15i22i30j0i390l3j69i60.4293j0j15&amp;sourceid=chrome&amp;ie=UTF-8&amp;safe=active&amp;ssui=on#\">(303) 548-6746<\/a>,\u00a0para todas nuestras necesidades de uniformes.<\/p>\t\t\t\t\t\t\t\t<\/div>\n\t\t\t\t<\/div>\n\t\t\t\t<div class=\"elementor-element elementor-element-3cb363d elementor-align-center elementor-widget elementor-widget-button\" data-id=\"3cb363d\" data-element_type=\"widget\" data-e-type=\"widget\" data-widget_type=\"button.default\">\n\t\t\t\t<div class=\"elementor-widget-container\">\n\t\t\t\t\t\t\t\t\t<div class=\"elementor-button-wrapper\">\n\t\t\t\t\t<a class=\"elementor-button elementor-button-link elementor-size-sm\" href=\"https:\/\/docs.google.com\/document\/d\/1nJGupcToJmoE2kqqdyZPAZVTEs3jZDZiVML_o7mQ8pk\/edit?usp=sharing\" target=\"_blank\">\n\t\t\t\t\t\t<span class=\"elementor-button-content-wrapper\">\n\t\t\t\t\t\t\t\t\t<span class=\"elementor-button-text\">Haga clic aqu\u00ed para obtener informaci\u00f3n detallada sobre el uniforme.<\/span>\n\t\t\t\t\t<\/span>\n\t\t\t\t\t<\/a>\n\t\t\t\t<\/div>\n\t\t\t\t\t\t\t\t<\/div>\n\t\t\t\t<\/div>\n\t\t\t\t<div class=\"elementor-element elementor-element-7c66ba7 elementor-widget elementor-widget-text-editor\" data-id=\"7c66ba7\" data-element_type=\"widget\" data-e-type=\"widget\" data-widget_type=\"text-editor.default\">\n\t\t\t\t<div class=\"elementor-widget-container\">\n\t\t\t\t\t\t\t\t\t<p><b>Cambio de Ropa<\/b><\/p><p>Todas las familias con estudiantes en ECE y kindergarten deben enviar un cambio de ropa con su estudiante el primer d\u00eda de clases. El cambio incluye ropa interior, pantal\u00f3n, polo liso y calcetines, y permanecer\u00e1 en el aula en caso de accidente. Si no se proporciona un cambio de ropa, se llamar\u00e1 a los padres en caso de accidente para que vengan a la escuela con un cambio de ropa limpio para su estudiante.<\/p>\t\t\t\t\t\t\t\t<\/div>\n\t\t\t\t<\/div>\n\t\t\t\t\t<\/div>\n\t\t\t\t<\/div>\n\t\t<div class=\"elementor-element elementor-element-2b531e2 e-flex e-con-boxed e-con e-parent\" data-id=\"2b531e2\" data-element_type=\"container\" data-e-type=\"container\" id=\"image-parallax-fix\">\n\t\t\t\t\t<div class=\"e-con-inner\">\n\t\t\t\t<div class=\"elementor-element elementor-element-1ff2b9e elementor-widget elementor-widget-spacer\" data-id=\"1ff2b9e\" data-element_type=\"widget\" data-e-type=\"widget\" data-widget_type=\"spacer.default\">\n\t\t\t\t<div class=\"elementor-widget-container\">\n\t\t\t\t\t\t\t<div class=\"elementor-spacer\">\n\t\t\t<div class=\"elementor-spacer-inner\"><\/div>\n\t\t<\/div>\n\t\t\t\t\t\t<\/div>\n\t\t\t\t<\/div>\n\t\t\t\t\t<\/div>\n\t\t\t\t<\/div>\n\t\t<div class=\"elementor-element elementor-element-45442f0 e-flex e-con-boxed e-con e-parent\" data-id=\"45442f0\" data-element_type=\"container\" data-e-type=\"container\">\n\t\t\t\t\t<div class=\"e-con-inner\">\n\t\t\t\t<div class=\"elementor-element elementor-element-3cd8bad elementor-widget elementor-widget-heading\" data-id=\"3cd8bad\" data-element_type=\"widget\" data-e-type=\"widget\" data-widget_type=\"heading.default\">\n\t\t\t\t<div class=\"elementor-widget-container\">\n\t\t\t\t\t<h2 class=\"elementor-heading-title elementor-size-default\"><span style=\"color:#74A84A\">Servicios<\/span>  Excepcionales<\/h2>\t\t\t\t<\/div>\n\t\t\t\t<\/div>\n\t\t\t\t\t<\/div>\n\t\t\t\t<\/div>\n\t\t<div class=\"elementor-element elementor-element-092cfa1 e-flex e-con-boxed e-con e-parent\" data-id=\"092cfa1\" data-element_type=\"container\" data-e-type=\"container\">\n\t\t\t\t\t<div class=\"e-con-inner\">\n\t\t\t\t<div class=\"elementor-element elementor-element-57dac74 elementor-widget elementor-widget-text-editor\" data-id=\"57dac74\" data-element_type=\"widget\" data-e-type=\"widget\" data-widget_type=\"text-editor.default\">\n\t\t\t\t<div class=\"elementor-widget-container\">\n\t\t\t\t\t\t\t\t\t<b>Educaci\u00f3n Especial<\/b>\n\nEl Departamento de Servicios para Estudiantes Excepcionales trabaja para garantizar que todos los estudiantes con discapacidades elegibles reciban una educaci\u00f3n p\u00fablica gratuita y adecuada en el entorno menos restrictivo. Nos esforzamos por garantizar que Montessori del Mundo cumpla con la Ley Federal \u2013 Ley de Educaci\u00f3n para Personas con Discapacidades (IDEA). Creemos que todos los estudiantes son primero estudiantes de educaci\u00f3n general y que la Educaci\u00f3n Especial es un servicio, no un lugar.<br><br>\n\n<b>Secci\u00f3n 504<\/b>\n\nNuestra escuela proporciona evaluaciones y planes 504 para brindar a cada estudiante con discapacidades o discapacidad acceso igualitario al ambiente escolar. Montessori del Mundo sigue las pautas federales bajo la Secci\u00f3n 504 para satisfacer las necesidades de los estudiantes y cumplir con la ley.<br><br>\n\n<b>Superdotados y con talento<\/b>\n\n\"Los ni\u00f1os superdotados y talentosos son aquellas personas entre cinco y veinti\u00fan a\u00f1os cuyas habilidades, talentos y potencial de logro son tan excepcionales o tan avanzados en su desarrollo que requieren disposiciones especiales para satisfacer sus necesidades educativas\". \u2013 Departamento de Educaci\u00f3n de Colorado\t\t\t\t\t\t\t\t<\/div>\n\t\t\t\t<\/div>\n\t\t\t\t\t<\/div>\n\t\t\t\t<\/div>\n\t\t<div class=\"elementor-element elementor-element-114a16b e-flex e-con-boxed e-con e-parent\" data-id=\"114a16b\" data-element_type=\"container\" data-e-type=\"container\" id=\"image-parallax-fix\">\n\t\t\t\t\t<div class=\"e-con-inner\">\n\t\t\t\t<div class=\"elementor-element elementor-element-1f3c1d5 elementor-widget elementor-widget-spacer\" data-id=\"1f3c1d5\" data-element_type=\"widget\" data-e-type=\"widget\" data-widget_type=\"spacer.default\">\n\t\t\t\t<div class=\"elementor-widget-container\">\n\t\t\t\t\t\t\t<div class=\"elementor-spacer\">\n\t\t\t<div class=\"elementor-spacer-inner\"><\/div>\n\t\t<\/div>\n\t\t\t\t\t\t<\/div>\n\t\t\t\t<\/div>\n\t\t\t\t\t<\/div>\n\t\t\t\t<\/div>\n\t\t<div class=\"elementor-element elementor-element-6a18fe6 e-flex e-con-boxed e-con e-parent\" data-id=\"6a18fe6\" data-element_type=\"container\" data-e-type=\"container\">\n\t\t\t\t\t<div class=\"e-con-inner\">\n\t\t\t\t<div class=\"elementor-element elementor-element-fcf8e14 elementor-widget elementor-widget-heading\" data-id=\"fcf8e14\" data-element_type=\"widget\" data-e-type=\"widget\" data-widget_type=\"heading.default\">\n\t\t\t\t<div class=\"elementor-widget-container\">\n\t\t\t\t\t<h2 class=\"elementor-heading-title elementor-size-default\"><span style=\"color:#74A84A\">Programa \nde voluntariado<\/span> <\/h2>\t\t\t\t<\/div>\n\t\t\t\t<\/div>\n\t\t\t\t\t<\/div>\n\t\t\t\t<\/div>\n\t\t<div class=\"elementor-element elementor-element-d5a726f e-flex e-con-boxed e-con e-parent\" data-id=\"d5a726f\" data-element_type=\"container\" data-e-type=\"container\">\n\t\t\t\t\t<div class=\"e-con-inner\">\n\t\t\t\t<div class=\"elementor-element elementor-element-15a0668 elementor-widget elementor-widget-text-editor\" data-id=\"15a0668\" data-element_type=\"widget\" data-e-type=\"widget\" data-widget_type=\"text-editor.default\">\n\t\t\t\t<div class=\"elementor-widget-container\">\n\t\t\t\t\t\t\t\t\tFavor de enviar un correo electr\u00f3nico a\u00a0<a href=\"mailto:info@montessoridelmundo.org\">info@montessoridelmundo.org<\/a>\u00a0\u00a0Si est\u00e1s interesado en ser voluntario en alguna de estas capacidades:<br><br>\n\n<b>Reclutamiento de Estudiantes<\/b>\n\n\u00danase a nosotros mientras hablamos con las familias en eventos, en parques, afuera de supermercados o puerta a puerta. Todos los voluntarios reciben gratis una camiseta Montessori del Mundo como agradecimiento por su ayuda. Comun\u00edquese con nosotros si desea ofrecerse como voluntario para ayudar a reclutar estudiantes.\n<br><br>\n<b>Padre de Habitaci\u00f3n<\/b>\n\nEstos padres\/madres ayudar\u00e1n a los maestros: coordinando a otros padres del sal\u00f3n de clases, apoyando las actividades del sal\u00f3n de clases, coordinando refrigerios, coordinando y\/o organizando fechas de juego de verano, etc. Estos padres tambi\u00e9n coordinar\u00e1n las comunicaciones entre otros padres del sal\u00f3n de clases con respecto a informaci\u00f3n relevante para el PTO y el Comit\u00e9 de Eventos.<br>\n\n<i>Nota: Se necesitan dos padres por clase, si son m\u00e1s de dos el maestro del sal\u00f3n har\u00e1 una rifa para determinar qui\u00e9n ser\u00e1 asignado.\u00a0\u00a0<\/i>\n<br><br>\n<strong>Organizaci\u00f3n de Padres\/Maestros (PTO)<\/strong>\n\nEste grupo est\u00e1 formado por un grupo de padres dedicados que se unen para financiar y apoyar actividades y compras que mejorar\u00e1n la experiencia educativa de todos los estudiantes. Este grupo ha trabajado en el evento Trunk or Treat, la feria anual del libro, la exposici\u00f3n de arte anual, las noches de fiesta para padres y la semana de agradecimiento a los maestros.\n<br><br>\n<strong>Miembro del Comit\u00e9 de la Junta<\/strong>\n\nHay muchas oportunidades para apoyar y unirse al liderazgo de la escuela al formar parte de uno de los siguientes comit\u00e9s: Responsabilidad escolar, marketing y desarrollo, finanzas e instalaciones. Para obtener m\u00e1s informaci\u00f3n sobre estos comit\u00e9s, comun\u00edquese con la junta en\u00a0<a href=\"mailto:MdMboard@montessoridelmundo.org\" target=\"_blank\" rel=\"noopener noreferrer\">MdMboard@montessoridelmundo.<wbr \/>org<\/a>.\t\t\t\t\t\t\t\t<\/div>\n\t\t\t\t<\/div>\n\t\t\t\t\t<\/div>\n\t\t\t\t<\/div>\n\t\t<div class=\"elementor-element elementor-element-a5066b0 e-flex e-con-boxed e-con e-parent\" data-id=\"a5066b0\" data-element_type=\"container\" data-e-type=\"container\" id=\"image-parallax-fix\">\n\t\t\t\t\t<div class=\"e-con-inner\">\n\t\t\t\t<div class=\"elementor-element elementor-element-381a689 elementor-widget elementor-widget-spacer\" data-id=\"381a689\" data-element_type=\"widget\" data-e-type=\"widget\" data-widget_type=\"spacer.default\">\n\t\t\t\t<div class=\"elementor-widget-container\">\n\t\t\t\t\t\t\t<div class=\"elementor-spacer\">\n\t\t\t<div class=\"elementor-spacer-inner\"><\/div>\n\t\t<\/div>\n\t\t\t\t\t\t<\/div>\n\t\t\t\t<\/div>\n\t\t\t\t\t<\/div>\n\t\t\t\t<\/div>\n\t\t\t\t<\/div>","protected":false},"excerpt":{"rendered":"<p>Families Resources for Families Student &amp; Family Handbook Lunch Menu 2025-26 Academic Calendar 2025-26 Assessment Calendar How sick is too sick for school? Estrellas &#8211; Social Emotional Support Team CDE Literacy Curriculum Transparency Page Uniform Policy At MdM we wear uniforms for four important reasons: Safety: uniforms allow us to quickly identify our students. Community:\u00a0 [&hellip;]<\/p>\n","protected":false},"author":1,"featured_media":0,"parent":0,"menu_order":0,"comment_status":"closed","ping_status":"closed","template":"","meta":{"_eb_attr":"","site-sidebar-layout":"no-sidebar","site-content-layout":"page-builder","ast-site-content-layout":"full-width-container","site-content-style":"unboxed","site-sidebar-style":"unboxed","ast-global-header-display":"","ast-banner-title-visibility":"","ast-main-header-display":"","ast-hfb-above-header-display":"","ast-hfb-below-header-display":"","ast-hfb-mobile-header-display":"","site-post-title":"disabled","ast-breadcrumbs-content":"","ast-featured-img":"disabled","footer-sml-layout":"","ast-disable-related-posts":"","theme-transparent-header-meta":"enabled","adv-header-id-meta":"","stick-header-meta":"","header-above-stick-meta":"","header-main-stick-meta":"","header-below-stick-meta":"","astra-migrate-meta-layouts":"set","ast-page-background-enabled":"default","ast-page-background-meta":{"desktop":{"background-color":"var(--ast-global-color-4)","background-image":"","background-repeat":"repeat","background-position":"center center","background-size":"auto","background-attachment":"scroll","background-type":"","background-media":"","overlay-type":"","overlay-color":"","overlay-opacity":"","overlay-gradient":""},"tablet":{"background-color":"","background-image":"","background-repeat":"repeat","background-position":"center center","background-size":"auto","background-attachment":"scroll","background-type":"","background-media":"","overlay-type":"","overlay-color":"","overlay-opacity":"","overlay-gradient":""},"mobile":{"background-color":"","background-image":"","background-repeat":"repeat","background-position":"center center","background-size":"auto","background-attachment":"scroll","background-type":"","background-media":"","overlay-type":"","overlay-color":"","overlay-opacity":"","overlay-gradient":""}},"ast-content-background-meta":{"desktop":{"background-color":"var(--ast-global-color-5)","background-image":"","background-repeat":"repeat","background-position":"center center","background-size":"auto","background-attachment":"scroll","background-type":"","background-media":"","overlay-type":"","overlay-color":"","overlay-opacity":"","overlay-gradient":""},"tablet":{"background-color":"var(--ast-global-color-5)","background-image":"","background-repeat":"repeat","background-position":"center center","background-size":"auto","background-attachment":"scroll","background-type":"","background-media":"","overlay-type":"","overlay-color":"","overlay-opacity":"","overlay-gradient":""},"mobile":{"background-color":"var(--ast-global-color-5)","background-image":"","background-repeat":"repeat","background-position":"center center","background-size":"auto","background-attachment":"scroll","background-type":"","background-media":"","overlay-type":"","overlay-color":"","overlay-opacity":"","overlay-gradient":""}},"_cloudinary_featured_overwrite":false,"footnotes":""},"class_list":["post-2570","page","type-page","status-publish","hentry"],"_links":{"self":[{"href":"https:\/\/montessoridelmundo.org\/es\/wp-json\/wp\/v2\/pages\/2570","targetHints":{"allow":["GET"]}}],"collection":[{"href":"https:\/\/montessoridelmundo.org\/es\/wp-json\/wp\/v2\/pages"}],"about":[{"href":"https:\/\/montessoridelmundo.org\/es\/wp-json\/wp\/v2\/types\/page"}],"author":[{"embeddable":true,"href":"https:\/\/montessoridelmundo.org\/es\/wp-json\/wp\/v2\/users\/1"}],"replies":[{"embeddable":true,"href":"https:\/\/montessoridelmundo.org\/es\/wp-json\/wp\/v2\/comments?post=2570"}],"version-history":[{"count":49,"href":"https:\/\/montessoridelmundo.org\/es\/wp-json\/wp\/v2\/pages\/2570\/revisions"}],"predecessor-version":[{"id":3414,"href":"https:\/\/montessoridelmundo.org\/es\/wp-json\/wp\/v2\/pages\/2570\/revisions\/3414"}],"wp:attachment":[{"href":"https:\/\/montessoridelmundo.org\/es\/wp-json\/wp\/v2\/media?parent=2570"}],"curies":[{"name":"wp","href":"https:\/\/api.w.org\/{rel}","templated":true}]}}