{"id":1710,"date":"2026-03-06T19:47:49","date_gmt":"2026-03-06T19:47:49","guid":{"rendered":"https:\/\/montessoridelmundo.org\/about\/"},"modified":"2026-03-18T23:08:28","modified_gmt":"2026-03-18T23:08:28","slug":"about","status":"publish","type":"page","link":"https:\/\/montessoridelmundo.org\/es\/about\/","title":{"rendered":"Acerca de"},"content":{"rendered":"<div data-elementor-type=\"wp-page\" data-elementor-id=\"1710\" class=\"elementor elementor-1710\">\n\t\t\t\t<div class=\"elementor-element elementor-element-56913e8 e-flex e-con-boxed e-con e-parent\" data-id=\"56913e8\" data-element_type=\"container\" data-e-type=\"container\">\n\t\t\t\t\t<div class=\"e-con-inner\">\n\t\t\t\t<div class=\"elementor-element elementor-element-7938092 elementor-widget elementor-widget-spacer\" data-id=\"7938092\" data-element_type=\"widget\" data-e-type=\"widget\" data-widget_type=\"spacer.default\">\n\t\t\t\t<div class=\"elementor-widget-container\">\n\t\t\t\t\t\t\t<div class=\"elementor-spacer\">\n\t\t\t<div class=\"elementor-spacer-inner\"><\/div>\n\t\t<\/div>\n\t\t\t\t\t\t<\/div>\n\t\t\t\t<\/div>\n\t\t\t\t\t<\/div>\n\t\t\t\t<\/div>\n\t\t<div class=\"elementor-element elementor-element-4094ee7 e-flex e-con-boxed e-con e-parent\" data-id=\"4094ee7\" data-element_type=\"container\" data-e-type=\"container\" id=\"image-parallax-fix\" data-settings=\"{&quot;background_background&quot;:&quot;gradient&quot;}\">\n\t\t\t\t\t<div class=\"e-con-inner\">\n\t\t<div class=\"elementor-element elementor-element-8695738 e-con-full e-flex e-con e-child\" data-id=\"8695738\" data-element_type=\"container\" data-e-type=\"container\">\n\t\t\t\t<div class=\"elementor-element elementor-element-2646c9c elementor-widget elementor-widget-heading\" data-id=\"2646c9c\" data-element_type=\"widget\" data-e-type=\"widget\" data-widget_type=\"heading.default\">\n\t\t\t\t<div class=\"elementor-widget-container\">\n\t\t\t\t\t<h1 class=\"elementor-heading-title elementor-size-default\">Acerca de Montessori del Mundo<\/h1>\t\t\t\t<\/div>\n\t\t\t\t<\/div>\n\t\t\t\t<\/div>\n\t\t\t\t\t<\/div>\n\t\t\t\t<\/div>\n\t\t<div class=\"elementor-element elementor-element-e90f62c e-flex e-con-boxed e-con e-parent\" data-id=\"e90f62c\" data-element_type=\"container\" data-e-type=\"container\">\n\t\t\t\t\t<div class=\"e-con-inner\">\n\t\t<div class=\"elementor-element elementor-element-0c682a2 e-con-full elementor-hidden-tablet elementor-hidden-mobile e-flex e-con e-child\" data-id=\"0c682a2\" data-element_type=\"container\" data-e-type=\"container\">\n\t\t\t\t<div class=\"elementor-element elementor-element-cc91ee5 elementor-widget elementor-widget-image\" data-id=\"cc91ee5\" data-element_type=\"widget\" data-e-type=\"widget\" data-widget_type=\"image.default\">\n\t\t\t\t<div class=\"elementor-widget-container\">\n\t\t\t\t\t\t\t\t\t\t\t\t\t\t\t<img width=\"2560\" height=\"1707\" fetchpriority=\"high\" decoding=\"async\" src=\"data:image\/svg+xml;base64,PHN2ZyB4bWxucz0iaHR0cDovL3d3dy53My5vcmcvMjAwMC9zdmciIHdpZHRoPSIyNTYwIiBoZWlnaHQ9IjE3MDciPjxyZWN0IHdpZHRoPSIxMDAlIiBoZWlnaHQ9IjEwMCUiPjxhbmltYXRlIGF0dHJpYnV0ZU5hbWU9ImZpbGwiIHZhbHVlcz0icmdiYSgxNTMsMTUzLDE1MywwLjUpO3JnYmEoMTUzLDE1MywxNTMsMC4xKTtyZ2JhKDE1MywxNTMsMTUzLDAuNSkiIGR1cj0iMnMiIHJlcGVhdENvdW50PSJpbmRlZmluaXRlIiAvPjwvcmVjdD48L3N2Zz4=\" class=\"attachment-full size-full wp-post-1710 wp-image-2401\" alt=\"\" data-public-id=\"February2021-125-scaled-1\/February2021-125-scaled-1.jpg\" data-format=\"jpg\" data-transformations=\"f_auto,q_auto\" data-version=\"1773844362\" data-seo=\"1\" data-responsive=\"1\" data-size=\"2560 1707\" data-delivery=\"upload\" onload=\";window.CLDBind?CLDBind(this):null;\" data-cloudinary=\"lazy\" \/>\t\t\t\t\t\t\t\t\t\t\t\t\t\t\t<\/div>\n\t\t\t\t<\/div>\n\t\t\t\t<\/div>\n\t\t<div class=\"elementor-element elementor-element-b29abee e-con-full e-flex e-con e-child\" data-id=\"b29abee\" data-element_type=\"container\" data-e-type=\"container\">\n\t\t\t\t<div class=\"elementor-element elementor-element-f095111 elementor-widget elementor-widget-heading\" data-id=\"f095111\" data-element_type=\"widget\" data-e-type=\"widget\" data-widget_type=\"heading.default\">\n\t\t\t\t<div class=\"elementor-widget-container\">\n\t\t\t\t\t<h2 class=\"elementor-heading-title elementor-size-default\">Nuestra <span style=\"color:#74A84A\">Misi\u00f3n<\/span><\/h2>\t\t\t\t<\/div>\n\t\t\t\t<\/div>\n\t\t\t\t<div class=\"elementor-element elementor-element-5990b83 elementor-widget elementor-widget-text-editor\" data-id=\"5990b83\" data-element_type=\"widget\" data-e-type=\"widget\" data-widget_type=\"text-editor.default\">\n\t\t\t\t<div class=\"elementor-widget-container\">\n\t\t\t\t\t\t\t\t\t<p><i>La misi\u00f3n de Montessori del Mundo es preparar a todos los estudiantes para el \u00e9xito en la universidad y en el futuro mercado laboral biling\u00fce, as\u00ed como construir una comunidad biling\u00fce s\u00f3lida y educada.<\/i><\/p>\t\t\t\t\t\t\t\t<\/div>\n\t\t\t\t<\/div>\n\t\t\t\t<\/div>\n\t\t\t\t\t<\/div>\n\t\t\t\t<\/div>\n\t\t<div class=\"elementor-element elementor-element-1c7848e e-flex e-con-boxed e-con e-parent\" data-id=\"1c7848e\" data-element_type=\"container\" data-e-type=\"container\">\n\t\t\t\t\t<div class=\"e-con-inner\">\n\t\t\t\t<div class=\"elementor-element elementor-element-2772cde elementor-widget elementor-widget-text-editor\" data-id=\"2772cde\" data-element_type=\"widget\" data-e-type=\"widget\" data-widget_type=\"text-editor.default\">\n\t\t\t\t<div class=\"elementor-widget-container\">\n\t\t\t\t\t\t\t\t\t<p>En Montessori del Mundo, creemos que los ni\u00f1os aprenden mejor cuando la ense\u00f1anza responde a sus necesidades individuales y favorece su desarrollo desde un enfoque integral. Tambi\u00e9n creemos que todos los estudiantes se benefician de una educaci\u00f3n biling\u00fce. Para cumplir nuestra misi\u00f3n y hacer realidad nuestra visi\u00f3n de preparar a los estudiantes para el \u00e9xito en la universidad, en una fuerza laboral biling\u00fce y en una comunidad biling\u00fce fuerte, nos comprometemos a:<\/p>\t\t\t\t\t\t\t\t<\/div>\n\t\t\t\t<\/div>\n\t\t\t\t<div class=\"elementor-element elementor-element-611232c elementor-align-center elementor-icon-list--layout-traditional elementor-list-item-link-full_width elementor-widget elementor-widget-icon-list\" data-id=\"611232c\" data-element_type=\"widget\" data-e-type=\"widget\" data-widget_type=\"icon-list.default\">\n\t\t\t\t<div class=\"elementor-widget-container\">\n\t\t\t\t\t\t\t<ul class=\"elementor-icon-list-items\">\n\t\t\t\t\t\t\t<li class=\"elementor-icon-list-item\">\n\t\t\t\t\t\t\t\t\t\t\t<span class=\"elementor-icon-list-icon\">\n\t\t\t\t\t\t\t<i aria-hidden=\"true\" class=\"fas fa-check\"><\/i>\t\t\t\t\t\t<\/span>\n\t\t\t\t\t\t\t\t\t\t<span class=\"elementor-icon-list-text\">Desafiar a todos los ni\u00f1os todos los d\u00edas.<\/span>\n\t\t\t\t\t\t\t\t\t<\/li>\n\t\t\t\t\t\t\t\t<li class=\"elementor-icon-list-item\">\n\t\t\t\t\t\t\t\t\t\t\t<span class=\"elementor-icon-list-icon\">\n\t\t\t\t\t\t\t<i aria-hidden=\"true\" class=\"fas fa-check\"><\/i>\t\t\t\t\t\t<\/span>\n\t\t\t\t\t\t\t\t\t\t<span class=\"elementor-icon-list-text\">Promover el espa\u00f1ol profesional<\/span>\n\t\t\t\t\t\t\t\t\t<\/li>\n\t\t\t\t\t\t\t\t<li class=\"elementor-icon-list-item\">\n\t\t\t\t\t\t\t\t\t\t\t<span class=\"elementor-icon-list-icon\">\n\t\t\t\t\t\t\t<i aria-hidden=\"true\" class=\"fas fa-check\"><\/i>\t\t\t\t\t\t<\/span>\n\t\t\t\t\t\t\t\t\t\t<span class=\"elementor-icon-list-text\">Fomentar una comunidad escolar biling\u00fce<\/span>\n\t\t\t\t\t\t\t\t\t<\/li>\n\t\t\t\t\t\t\t\t<li class=\"elementor-icon-list-item\">\n\t\t\t\t\t\t\t\t\t\t\t<span class=\"elementor-icon-list-icon\">\n\t\t\t\t\t\t\t<i aria-hidden=\"true\" class=\"fas fa-check\"><\/i>\t\t\t\t\t\t<\/span>\n\t\t\t\t\t\t\t\t\t\t<span class=\"elementor-icon-list-text\">Insistir en la equidad.<\/span>\n\t\t\t\t\t\t\t\t\t<\/li>\n\t\t\t\t\t\t\t\t<li class=\"elementor-icon-list-item\">\n\t\t\t\t\t\t\t\t\t\t\t<span class=\"elementor-icon-list-icon\">\n\t\t\t\t\t\t\t<i aria-hidden=\"true\" class=\"fas fa-check\"><\/i>\t\t\t\t\t\t<\/span>\n\t\t\t\t\t\t\t\t\t\t<span class=\"elementor-icon-list-text\">Desarrollar un equipo de profesores capacitados, preparados y eficaces.<\/span>\n\t\t\t\t\t\t\t\t\t<\/li>\n\t\t\t\t\t\t<\/ul>\n\t\t\t\t\t\t<\/div>\n\t\t\t\t<\/div>\n\t\t\t\t<div class=\"elementor-element elementor-element-673b4b5 elementor-widget elementor-widget-text-editor\" data-id=\"673b4b5\" data-element_type=\"widget\" data-e-type=\"widget\" data-widget_type=\"text-editor.default\">\n\t\t\t\t<div class=\"elementor-widget-container\">\n\t\t\t\t\t\t\t\t\t<p>\u00a0<\/p><p>Nuestra visi\u00f3n es que los graduados de Montessori del Mundo sean biling\u00fces, automotivados, pensadores cr\u00edticos, con amor por el aprendizaje, que moldear\u00e1n y promover\u00e1n las comunidades integradas del siglo XXI. MdM est\u00e1 autorizado por la\u00a0<a href=\"https:\/\/www.csi.state.co.us\/about\/\">Instituto de Escuelas Ch\u00e1rter de Colorado<\/a>\u00a0(CSI), la \u00fanica entidad del estado que autoriza escuelas aut\u00f3nomas fuera del distrito escolar.<\/p>\t\t\t\t\t\t\t\t<\/div>\n\t\t\t\t<\/div>\n\t\t\t\t\t<\/div>\n\t\t\t\t<\/div>\n\t\t<div class=\"elementor-element elementor-element-6b9d2e6 e-flex e-con-boxed e-con e-parent\" data-id=\"6b9d2e6\" data-element_type=\"container\" data-e-type=\"container\" id=\"image-parallax-fix\">\n\t\t\t\t\t<div class=\"e-con-inner\">\n\t\t\t\t<div class=\"elementor-element elementor-element-3d3637b elementor-widget elementor-widget-spacer\" data-id=\"3d3637b\" data-element_type=\"widget\" data-e-type=\"widget\" data-widget_type=\"spacer.default\">\n\t\t\t\t<div class=\"elementor-widget-container\">\n\t\t\t\t\t\t\t<div class=\"elementor-spacer\">\n\t\t\t<div class=\"elementor-spacer-inner\"><\/div>\n\t\t<\/div>\n\t\t\t\t\t\t<\/div>\n\t\t\t\t<\/div>\n\t\t\t\t\t<\/div>\n\t\t\t\t<\/div>\n\t\t<div class=\"elementor-element elementor-element-f46148d e-flex e-con-boxed e-con e-parent\" data-id=\"f46148d\" data-element_type=\"container\" data-e-type=\"container\">\n\t\t\t\t\t<div class=\"e-con-inner\">\n\t\t\t\t<div class=\"elementor-element elementor-element-6ff57cd elementor-widget elementor-widget-heading\" data-id=\"6ff57cd\" data-element_type=\"widget\" data-e-type=\"widget\" data-widget_type=\"heading.default\">\n\t\t\t\t<div class=\"elementor-widget-container\">\n\t\t\t\t\t<h2 class=\"elementor-heading-title elementor-size-default\"><span style=\"color:#74A84A\">Programa de<\/span> lenguaje dual<\/h2>\t\t\t\t<\/div>\n\t\t\t\t<\/div>\n\t\t\t\t\t<\/div>\n\t\t\t\t<\/div>\n\t\t<div class=\"elementor-element elementor-element-75d8540 e-flex e-con-boxed e-con e-parent\" data-id=\"75d8540\" data-element_type=\"container\" data-e-type=\"container\">\n\t\t\t\t\t<div class=\"e-con-inner\">\n\t\t\t\t<div class=\"elementor-element elementor-element-7222951 elementor-widget elementor-widget-text-editor\" data-id=\"7222951\" data-element_type=\"widget\" data-e-type=\"widget\" data-widget_type=\"text-editor.default\">\n\t\t\t\t<div class=\"elementor-widget-container\">\n\t\t\t\t\t\t\t\t\tSe ha demostrado que los programas biling\u00fces de doble inmersi\u00f3n cierran la brecha de rendimiento acad\u00e9mico de los estudiantes que aprenden en un segundo idioma en entre el 95% y el 100% de los casos para quinto grado. Adem\u00e1s, los estudiantes cuya lengua materna es el ingl\u00e9s y que participan en estos programas tambi\u00e9n suelen obtener mejores resultados que sus compa\u00f1eros angloparlantes que asisten a escuelas con instrucci\u00f3n \u00fanicamente en ingl\u00e9s.<br><br>\n\nLa poblaci\u00f3n estudiantil de Montessori del Mundo estar\u00e1 integrada por aproximadamente un 50% de hablantes nativos de ingl\u00e9s y un 50% de hablantes nativos de espa\u00f1ol, con la meta de que todos los estudiantes desarrollen biling\u00fcismo y alfabetizaci\u00f3n biling\u00fce. En Montessori del Mundo, creemos que el conocimiento de cada ni\u00f1o se construye a partir del conjunto de lo que sabe y puede hacer en espa\u00f1ol y en ingl\u00e9s.\n<br><br>\nLas investigaciones muestran que los estudiantes hispanohablantes aprenden ingl\u00e9s mejor y con mayor fluidez cuando tambi\u00e9n reciben instrucci\u00f3n en ese idioma. Los estudiantes angloparlantes tambi\u00e9n se benefician de una experiencia educativa biling\u00fce. Los beneficios de ser biling\u00fce son numerosos: mejores oportunidades laborales, un mejor funcionamiento del cerebro, una visi\u00f3n m\u00e1s amplia del mundo y la capacidad de empatizar con personas diferentes a uno mismo.\n\nLos ni\u00f1os no necesitan hablar espa\u00f1ol, ingl\u00e9s ni ninguno de los dos idiomas con fluidez para inscribirse en Montessori del Mundo. Nuestro objetivo es desarrollar la capacidad biling\u00fce de cada estudiante para que pueda desempe\u00f1arse al nivel de su grado escolar o por encima de este en ambos idiomas.\u00a0<i>ambos<\/i>\u00a0Independientemente del idioma que hablen al ingresar al programa, nuestro modelo biling\u00fce se compone de:\n\n90 % espa\u00f1ol \/ 10 % ingl\u00e9s en preescolar y jard\u00edn de infantes\n\n50 % espa\u00f1ol \/ 50 % ingl\u00e9s en 1.\u00ba a 7.\u00ba grado\t\t\t\t\t\t\t\t<\/div>\n\t\t\t\t<\/div>\n\t\t\t\t\t<\/div>\n\t\t\t\t<\/div>\n\t\t<div class=\"elementor-element elementor-element-2b531e2 e-flex e-con-boxed e-con e-parent\" data-id=\"2b531e2\" data-element_type=\"container\" data-e-type=\"container\" id=\"image-parallax-fix\">\n\t\t\t\t\t<div class=\"e-con-inner\">\n\t\t\t\t<div class=\"elementor-element elementor-element-1ff2b9e elementor-widget elementor-widget-spacer\" data-id=\"1ff2b9e\" data-element_type=\"widget\" data-e-type=\"widget\" data-widget_type=\"spacer.default\">\n\t\t\t\t<div class=\"elementor-widget-container\">\n\t\t\t\t\t\t\t<div class=\"elementor-spacer\">\n\t\t\t<div class=\"elementor-spacer-inner\"><\/div>\n\t\t<\/div>\n\t\t\t\t\t\t<\/div>\n\t\t\t\t<\/div>\n\t\t\t\t\t<\/div>\n\t\t\t\t<\/div>\n\t\t<div class=\"elementor-element elementor-element-312e0b1 e-flex e-con-boxed e-con e-parent\" data-id=\"312e0b1\" data-element_type=\"container\" data-e-type=\"container\">\n\t\t\t\t\t<div class=\"e-con-inner\">\n\t\t\t\t<div class=\"elementor-element elementor-element-de5784c elementor-widget elementor-widget-heading\" data-id=\"de5784c\" data-element_type=\"widget\" data-e-type=\"widget\" data-widget_type=\"heading.default\">\n\t\t\t\t<div class=\"elementor-widget-container\">\n\t\t\t\t\t<h2 class=\"elementor-heading-title elementor-size-default\"><span style=\"color:#74A84A\">Montessori<\/span> <\/h2>\t\t\t\t<\/div>\n\t\t\t\t<\/div>\n\t\t\t\t\t<\/div>\n\t\t\t\t<\/div>\n\t\t<div class=\"elementor-element elementor-element-092cfa1 e-flex e-con-boxed e-con e-parent\" data-id=\"092cfa1\" data-element_type=\"container\" data-e-type=\"container\">\n\t\t\t\t\t<div class=\"e-con-inner\">\n\t\t\t\t<div class=\"elementor-element elementor-element-57dac74 elementor-widget elementor-widget-text-editor\" data-id=\"57dac74\" data-element_type=\"widget\" data-e-type=\"widget\" data-widget_type=\"text-editor.default\">\n\t\t\t\t<div class=\"elementor-widget-container\">\n\t\t\t\t\t\t\t\t\tLa filosof\u00eda educativa Montessori pone \u00e9nfasis en la ense\u00f1anza individualizada, el respeto por cada ni\u00f1o y sus necesidades de desarrollo, y el equilibrio entre la libertad de elegir y una estructura con l\u00edmites claros. Los estudiantes aprenden en ambientes de edades mixtas y permanecen con el mismo gu\u00eda durante tres a\u00f1os consecutivos. Adem\u00e1s de desarrollar habilidades fundamentales en lectura, escritura, matem\u00e1ticas, ciencias y estudios sociales, tambi\u00e9n fortalecen la colaboraci\u00f3n, la administraci\u00f3n del tiempo, la responsabilidad personal, la apreciaci\u00f3n art\u00edstica, la diversidad e inclusi\u00f3n, el activismo y la formaci\u00f3n ciudadana.<br><br>\n\nLos profesores imparten clases individuales o en grupos reducidos para que cada ni\u00f1o trabaje a su propio ritmo. Se anima a los ni\u00f1os a dedicar tiempo a dominar habilidades fundamentales, as\u00ed como a explorar sus intereses y a dirigir su propia educaci\u00f3n.<br><br>\n\nLos alumnos Montessori son: independientes, responsables, buenos ciudadanos y amigos, colaborativos, capaces de resolver problemas, autosuficientes, perseverantes, elocuentes, felices y preparados para lo que les depare el futuro.\t\t\t\t\t\t\t\t<\/div>\n\t\t\t\t<\/div>\n\t\t\t\t\t<\/div>\n\t\t\t\t<\/div>\n\t\t<div class=\"elementor-element elementor-element-114a16b e-flex e-con-boxed e-con e-parent\" data-id=\"114a16b\" data-element_type=\"container\" data-e-type=\"container\" id=\"image-parallax-fix\">\n\t\t\t\t\t<div class=\"e-con-inner\">\n\t\t\t\t<div class=\"elementor-element elementor-element-1f3c1d5 elementor-widget elementor-widget-spacer\" data-id=\"1f3c1d5\" data-element_type=\"widget\" data-e-type=\"widget\" data-widget_type=\"spacer.default\">\n\t\t\t\t<div class=\"elementor-widget-container\">\n\t\t\t\t\t\t\t<div class=\"elementor-spacer\">\n\t\t\t<div class=\"elementor-spacer-inner\"><\/div>\n\t\t<\/div>\n\t\t\t\t\t\t<\/div>\n\t\t\t\t<\/div>\n\t\t\t\t\t<\/div>\n\t\t\t\t<\/div>\n\t\t<div class=\"elementor-element elementor-element-6a18fe6 e-flex e-con-boxed e-con e-parent\" data-id=\"6a18fe6\" data-element_type=\"container\" data-e-type=\"container\">\n\t\t\t\t\t<div class=\"e-con-inner\">\n\t\t\t\t<div class=\"elementor-element elementor-element-fcf8e14 elementor-widget elementor-widget-heading\" data-id=\"fcf8e14\" data-element_type=\"widget\" data-e-type=\"widget\" data-widget_type=\"heading.default\">\n\t\t\t\t<div class=\"elementor-widget-container\">\n\t\t\t\t\t<h2 class=\"elementor-heading-title elementor-size-default\"><span style=\"color:#74A84A\">Curriculum<\/span> <\/h2>\t\t\t\t<\/div>\n\t\t\t\t<\/div>\n\t\t\t\t\t<\/div>\n\t\t\t\t<\/div>\n\t\t<div class=\"elementor-element elementor-element-d5a726f e-flex e-con-boxed e-con e-parent\" data-id=\"d5a726f\" data-element_type=\"container\" data-e-type=\"container\">\n\t\t\t\t\t<div class=\"e-con-inner\">\n\t\t\t\t<div class=\"elementor-element elementor-element-15a0668 elementor-widget elementor-widget-text-editor\" data-id=\"15a0668\" data-element_type=\"widget\" data-e-type=\"widget\" data-widget_type=\"text-editor.default\">\n\t\t\t\t<div class=\"elementor-widget-container\">\n\t\t\t\t\t\t\t\t\t<p class=\"skrollable skrollable-between\" data-start=\"153\" data-end=\"618\">Montessori del Mundo sigue el curr\u00edculo Montessori para matem\u00e1ticas, lectura, escritura, ciencias, estudios sociales (incluyendo geograf\u00eda e historia), arte y m\u00fasica. Este curr\u00edculo abarca todo lo que los ni\u00f1os aprenden en las escuelas tradicionales y m\u00e1s. Las aulas est\u00e1n formadas por alumnos de diferentes grados, bas\u00e1ndose en la filosof\u00eda Montessori de que los estudiantes ense\u00f1an y aprenden unos de otros. Esto significa que un alumno de primer grado podr\u00eda estar aprendiendo el contenido de segundo grado si demuestra preparaci\u00f3n e inter\u00e9s.<\/p><br>\n<p class=\"skrollable skrollable-between\" data-start=\"620\" data-end=\"846\">Los alumnos reciben clases de los profesores de forma individual o en grupos reducidos. Posteriormente, siguen un programa de aprendizaje autodirigido en el que tienen la libertad de elegir las tareas que desean realizar solos, en pareja o en grupo.<\/p><br>\n<p class=\"skrollable skrollable-between\" data-start=\"848\" data-end=\"1159\">Los alumnos tienen un m\u00ednimo de dos horas de trabajo Montessori por la ma\u00f1ana. El c\u00edrculo comunitario ofrece a alumnos y profesores la oportunidad de conversar sobre lo ocurrido en clase y conectar entre s\u00ed. El c\u00edrculo de idiomas brinda un espacio para centrarse en las habilidades ling\u00fc\u00edsticas tanto en espa\u00f1ol como en ingl\u00e9s, como por ejemplo, el vocabulario de uso frecuente.<\/p><br>\n<p class=\"skrollable skrollable-between\" data-start=\"1161\" data-end=\"1329\">Los alumnos tienen oportunidades regulares para jugar al aire libre y realizar pausas activas a lo largo del d\u00eda. Los alumnos de preescolar tambi\u00e9n tienen un per\u00edodo diario de descanso o siesta incluido en su horario.<\/p><br>\n<p class=\"skrollable skrollable-between\" data-start=\"1331\" data-end=\"1678\">Las clases de bienestar incluyen las siguientes opciones: los alumnos de preescolar participan en educaci\u00f3n f\u00edsica y aprendizaje socioemocional; los de k\u00ednder toman educaci\u00f3n f\u00edsica, arte, m\u00fasica y aprendizaje socioemocional; los alumnos de primero a sexto grado reciben educaci\u00f3n f\u00edsica, expresi\u00f3n creativa, arte, m\u00fasica y aprendizaje socioemocional; y los alumnos de s\u00e9ptimo grado participan en educaci\u00f3n f\u00edsica y m\u00fasica.<\/p>\n<p class=\"skrollable skrollable-between\" data-start=\"1680\" data-end=\"1762\">La tarde incluye tiempo adicional de trabajo Montessori y grupos de lectura y escritura.<\/p>\t\t\t\t\t\t\t\t<\/div>\n\t\t\t\t<\/div>\n\t\t\t\t\t<\/div>\n\t\t\t\t<\/div>\n\t\t<div class=\"elementor-element elementor-element-a5066b0 e-flex e-con-boxed e-con e-parent\" data-id=\"a5066b0\" data-element_type=\"container\" data-e-type=\"container\" id=\"image-parallax-fix\">\n\t\t\t\t\t<div class=\"e-con-inner\">\n\t\t\t\t<div class=\"elementor-element elementor-element-381a689 elementor-widget elementor-widget-spacer\" data-id=\"381a689\" data-element_type=\"widget\" data-e-type=\"widget\" data-widget_type=\"spacer.default\">\n\t\t\t\t<div class=\"elementor-widget-container\">\n\t\t\t\t\t\t\t<div class=\"elementor-spacer\">\n\t\t\t<div class=\"elementor-spacer-inner\"><\/div>\n\t\t<\/div>\n\t\t\t\t\t\t<\/div>\n\t\t\t\t<\/div>\n\t\t\t\t\t<\/div>\n\t\t\t\t<\/div>\n\t\t\t\t<\/div>","protected":false},"excerpt":{"rendered":"<p>About Montessori del Mundo Our Mission The mission of Montessori del Mundo is to prepare all students for success in college and the future bilingual workforce and to build a strong, educated, bilingual community. At Montessori del Mundo, we believe children learn best when their instruction is individualized to their needs and supports their development [&hellip;]<\/p>\n","protected":false},"author":1,"featured_media":0,"parent":0,"menu_order":0,"comment_status":"closed","ping_status":"closed","template":"","meta":{"_eb_attr":"","site-sidebar-layout":"no-sidebar","site-content-layout":"page-builder","ast-site-content-layout":"default","site-content-style":"default","site-sidebar-style":"default","ast-global-header-display":"","ast-banner-title-visibility":"","ast-main-header-display":"","ast-hfb-above-header-display":"","ast-hfb-below-header-display":"","ast-hfb-mobile-header-display":"","site-post-title":"disabled","ast-breadcrumbs-content":"","ast-featured-img":"disabled","footer-sml-layout":"","ast-disable-related-posts":"","theme-transparent-header-meta":"enabled","adv-header-id-meta":"","stick-header-meta":"","header-above-stick-meta":"","header-main-stick-meta":"","header-below-stick-meta":"","astra-migrate-meta-layouts":"default","ast-page-background-enabled":"default","ast-page-background-meta":{"desktop":{"background-color":"var(--ast-global-color-4)","background-image":"","background-repeat":"repeat","background-position":"center center","background-size":"auto","background-attachment":"scroll","background-type":"","background-media":"","overlay-type":"","overlay-color":"","overlay-opacity":"","overlay-gradient":""},"tablet":{"background-color":"","background-image":"","background-repeat":"repeat","background-position":"center center","background-size":"auto","background-attachment":"scroll","background-type":"","background-media":"","overlay-type":"","overlay-color":"","overlay-opacity":"","overlay-gradient":""},"mobile":{"background-color":"","background-image":"","background-repeat":"repeat","background-position":"center center","background-size":"auto","background-attachment":"scroll","background-type":"","background-media":"","overlay-type":"","overlay-color":"","overlay-opacity":"","overlay-gradient":""}},"ast-content-background-meta":{"desktop":{"background-color":"var(--ast-global-color-5)","background-image":"","background-repeat":"repeat","background-position":"center center","background-size":"auto","background-attachment":"scroll","background-type":"","background-media":"","overlay-type":"","overlay-color":"","overlay-opacity":"","overlay-gradient":""},"tablet":{"background-color":"var(--ast-global-color-5)","background-image":"","background-repeat":"repeat","background-position":"center center","background-size":"auto","background-attachment":"scroll","background-type":"","background-media":"","overlay-type":"","overlay-color":"","overlay-opacity":"","overlay-gradient":""},"mobile":{"background-color":"var(--ast-global-color-5)","background-image":"","background-repeat":"repeat","background-position":"center center","background-size":"auto","background-attachment":"scroll","background-type":"","background-media":"","overlay-type":"","overlay-color":"","overlay-opacity":"","overlay-gradient":""}},"_cloudinary_featured_overwrite":false,"footnotes":""},"class_list":["post-1710","page","type-page","status-publish","hentry"],"_links":{"self":[{"href":"https:\/\/montessoridelmundo.org\/es\/wp-json\/wp\/v2\/pages\/1710","targetHints":{"allow":["GET"]}}],"collection":[{"href":"https:\/\/montessoridelmundo.org\/es\/wp-json\/wp\/v2\/pages"}],"about":[{"href":"https:\/\/montessoridelmundo.org\/es\/wp-json\/wp\/v2\/types\/page"}],"author":[{"embeddable":true,"href":"https:\/\/montessoridelmundo.org\/es\/wp-json\/wp\/v2\/users\/1"}],"replies":[{"embeddable":true,"href":"https:\/\/montessoridelmundo.org\/es\/wp-json\/wp\/v2\/comments?post=1710"}],"version-history":[{"count":40,"href":"https:\/\/montessoridelmundo.org\/es\/wp-json\/wp\/v2\/pages\/1710\/revisions"}],"predecessor-version":[{"id":3043,"href":"https:\/\/montessoridelmundo.org\/es\/wp-json\/wp\/v2\/pages\/1710\/revisions\/3043"}],"wp:attachment":[{"href":"https:\/\/montessoridelmundo.org\/es\/wp-json\/wp\/v2\/media?parent=1710"}],"curies":[{"name":"wp","href":"https:\/\/api.w.org\/{rel}","templated":true}]}}